{"id":13402,"date":"2020-07-20T22:34:02","date_gmt":"2020-07-20T20:34:02","guid":{"rendered":"https:\/\/essentials.pixfort.com\/original-demo\/?page_id=2"},"modified":"2022-05-26T18:45:32","modified_gmt":"2022-05-26T16:45:32","slug":"coupe-sur-mesure","status":"publish","type":"page","link":"https:\/\/jlo-design.com\/index.php\/coupe-sur-mesure\/","title":{"rendered":"Coupe sur mesure"},"content":{"rendered":"<p>[vc_section full_width=&#8221;stretch_row&#8221; pix_over_visibility=&#8221;&#8221; bottom_divider_select=&#8221;8&#8243; b_has_animation=&#8221;true&#8221; b_2_color=&#8221;rgba(255,255,255,0.01)&#8221; b_3_is_gradient=&#8221;true&#8221; b_3_color=&#8221;rgba(0,0,0,0.08)&#8221; b_3_color_2=&#8221;rgba(255,255,255,0.01)&#8221; b_3_animation=&#8221;fade-in-up&#8221; top_divider_select=&#8221;8&#8243; t_has_animation=&#8221;true&#8221; t_1_color=&#8221;rgba(152,214,98,0.01)&#8221; t_2_color=&#8221;&#8221; t_3_color=&#8221;rgba(255,255,255,0.1)&#8221; t_3_animation=&#8221;fade-in-down&#8221; t_flip_h=&#8221;true&#8221; pix_overlay_color=&#8221;gray-1&#8243; responsive_css=&#8221;{&#8220;pix_res_sm_pt&#8220;:&#8220;20&#8220;,&#8220;pix_res_sm_pb&#8220;:&#8220;20&#8220;,&#8220;pix_res_md_pt&#8220;:&#8220;40&#8220;,&#8220;pix_res_md_pb&#8220;:&#8220;40&#8220;}&#8221; css=&#8221;.vc_custom_1613616369268{padding-top: 80px !important;padding-bottom: 80px !important;}&#8221; t_custom_height=&#8221;200px&#8221; b_custom_height=&#8221;300px&#8221; pix_overlay_opacity=&#8221;1&#8243; b_3_delay=&#8221;300&#8243; t_3_delay=&#8221;150&#8243;][vc_row full_width=&#8221;stretch_row&#8221; content_placement=&#8221;middle&#8221; pix_particles_check=&#8221;&#8221; responsive_css=&#8221;{&#8220;pix_res_sm_pt&#8220;:&#8220;40&#8220;,&#8220;pix_res_sm_pb&#8220;:&#8220;40&#8220;,&#8220;pix_res_md_pt&#8220;:&#8220;40&#8220;,&#8220;pix_res_md_pb&#8220;:&#8220;40&#8220;}&#8221;][vc_column width=&#8221;1\/2&#8243; responsive_css=&#8221;{&#8220;pix_res_sm_pt&#8220;:&#8220;20&#8220;,&#8220;pix_res_sm_pb&#8220;:&#8220;20&#8220;,&#8220;pix_res_md_pt&#8220;:&#8220;20&#8220;,&#8220;pix_res_md_pb&#8220;:&#8220;20&#8220;}&#8221; css=&#8221;.vc_custom_1613616585471{padding-top: 80px !important;padding-bottom: 80px !important;}&#8221;]<div id=\"highlighted-text-97019433\" class=\"text-left  vc_custom_1653487736482\"><h2 class=\"text-heading-default\"  data-anim-type=\"\" data-anim-delay=\"0\"><span class=\"font-weight-normal  heading-font\">Coupe <\/span><span class=\"pix-highlighted-text  font-weight-normal  font-weight-bold heading-font highlighted-text-97019433-1 animate-in\" data-anim-type=\"highlight-grow\" data-anim-delay=\"200\"> sur mesure<\/span><\/h2><\/div><div class=\"pix-el-text slide-in-container w-100   vc_custom_1653583529111\" ><p class=\"text-20  text-dark-opacity-5  \" >Rien ne vaut la sensation unique d\u2019un mod\u00e8le sur-mesure JLO Design\u202f! Nous m\u00ealons savoir-faire authentique et passion du m\u00e9tier pour cr\u00e9er un ensemble sur mesure qui vous garantira confort et \u00e9l\u00e9gance pour toutes circonstances.<br \/>\nNous aidons chaque homme et femme \u00e0 exprimer sa personnalit\u00e9 et son sens du style au moyen de tissus et de coupes soigneusement choisis.<\/p><\/div>[\/vc_column][vc_column width=&#8221;1\/2&#8243; content_align=&#8221;text-center&#8221;]<div class=\"pix-photo-stack pix-img-2  vc_custom_1653488473511\"><div class=\"img-el\" ><div class=\"w-100 pix-bounce-sm pix-duration-slow\"><div class=\"animate-in d-inline-block w-100\" data-anim-type=\"fade-in-up\" data-anim-delay=\"400\"><div class=\"tilt\"><img width=\"601\" height=\"1024\" class=\"pix-lazy rounded-lg shadow shadow-hover-lg scale-sm d-inline-block\" loading=\"lazy\" data-srcset=\"https:\/\/jlo-design.com\/wp-content\/uploads\/2020\/02\/FB_IMG_1649084236910-601x1024-1-176x300.jpg 176w, https:\/\/jlo-design.com\/wp-content\/uploads\/2020\/02\/FB_IMG_1649084236910-601x1024-1-600x1022.jpg 600w, https:\/\/jlo-design.com\/wp-content\/uploads\/2020\/02\/FB_IMG_1649084236910-601x1024-1.jpg 601w\" src=\"https:\/\/jlo-design.com\/wp-content\/plugins\/pixfort-core\/functions\/images\/loading.webp\" data-src=\"https:\/\/jlo-design.com\/wp-content\/uploads\/2020\/02\/FB_IMG_1649084236910-601x1024-1.jpg\" alt=\"\" \/><\/div><\/div><\/div><\/div><div class=\"img-el\" ><div class=\"w-100 pix-bounce-sm pix-duration-slow\"><div class=\"animate-in d-inline-block w-100\" data-anim-type=\"fade-in-up\" data-anim-delay=\"500\"><div class=\"tilt\"><img width=\"673\" height=\"1024\" class=\"pix-lazy rounded-lg shadow shadow-hover-lg scale-sm d-inline-block\" loading=\"lazy\" data-srcset=\"https:\/\/jlo-design.com\/wp-content\/uploads\/2020\/02\/FB_IMG_1649083843375-673x1024-1-197x300.jpg 197w, https:\/\/jlo-design.com\/wp-content\/uploads\/2020\/02\/FB_IMG_1649083843375-673x1024-1-600x913.jpg 600w, https:\/\/jlo-design.com\/wp-content\/uploads\/2020\/02\/FB_IMG_1649083843375-673x1024-1.jpg 673w\" src=\"https:\/\/jlo-design.com\/wp-content\/plugins\/pixfort-core\/functions\/images\/loading.webp\" data-src=\"https:\/\/jlo-design.com\/wp-content\/uploads\/2020\/02\/FB_IMG_1649083843375-673x1024-1.jpg\" alt=\"\" \/><\/div><\/div><\/div><\/div><\/div>[\/vc_column][\/vc_row][\/vc_section][vc_row pix_particles_check=&#8221;&#8221;][vc_column]<div id=\"highlighted-text-65723402\" class=\"text-center  vc_custom_1653488822972\"><h3 class=\"text-heading-default\"  data-anim-type=\"\" data-anim-delay=\"0\"><span class=\"font-weight-normal  body-font\">LE STYLE DE JLO<\/span><\/h3><\/div><div class=\"pix-el-text slide-in-container w-100   vc_custom_1653488332727\" ><p class=\"text-20  text-dark-opacity-5  \" >Nos clients sont notre source d\u2019inspiration. Nous affinons constamment notre style en revisitant et en actualisant des classiques. Nous travaillons avec vous pour cr\u00e9er des v\u00eatements intemporels, parfaitement ajust\u00e9s et associons un certain bons nombres id\u00e9aux au meilleur de l\u2019innovation moderne pour cr\u00e9er des costumes sur-mesure homme et femme \u00e0 la fois \u00e9l\u00e9gants et audacieux.<br \/>\nNous aidons chaque homme et femme \u00e0 exprimer sa personnalit\u00e9 et son sens du style au moyen de tissus et de coupes soigneusement choisis.<\/p><\/div><div id=\"highlighted-text-57537763\" class=\"text-center  vc_custom_1653488814303\"><h3 class=\"text-heading-default\"  data-anim-type=\"\" data-anim-delay=\"0\"><span class=\"font-weight-normal  body-font\">CONSULTATION <\/span><\/br><span class=\"font-weight-normal  body-font\"> COMMENT SE D\u00c9ROULE UNE CONSULTATION  ?<\/span><\/h3><\/div><div class=\"pix-el-text slide-in-container w-100   vc_custom_1653488601973\" ><p class=\"text-20  text-dark-opacity-5  \" >Chaque commande commence par une consultation de conception , au cours de laquelle le client peut se d\u00e9tendre, partager ses exigences en mati\u00e8re de v\u00eatements et recevoir des conseils sur la meilleure fa\u00e7on de r\u00e9aliser le v\u00eatement sur mesure qu\u2019il envisage. Des conseils sur la coupe, les proportions, les tissus et les styles seront fournis en cons\u00e9quence.<\/p><\/div>[\/vc_column][\/vc_row]<\/p>\n","protected":false},"excerpt":{"rendered":"[vc_section full_width=&#8221;stretch_row&#8221; pix_over_visibility=&#8221;&#8221; bottom_divider_select=&#8221;8&#8243; b_has_animation=&#8221;true&#8221; b_2_color=&#8221;rgba(255,255,255,0.01)&#8221; b_3_is_gradient=&#8221;true&#8221; b_3_color=&#8221;rgba(0,0,0,0.08)&#8221; b_3_color_2=&#8221;rgba(255,255,255,0.01)&#8221; b_3_animation=&#8221;fade-in-up&#8221; top_divider_select=&#8221;8&#8243; t_has_animation=&#8221;true&#8221; t_1_color=&#8221;rgba(152,214,98,0.01)&#8221; t_2_color=&#8221;&#8221; t_3_color=&#8221;rgba(255,255,255,0.1)&#8221; t_3_animation=&#8221;fade-in-down&#8221; t_flip_h=&#8221;true&#8221; pix_overlay_color=&#8221;gray-1&#8243; responsive_css=&#8221;{&#8220;pix_res_sm_pt&#8220;:&#8220;20&#8220;,&#8220;pix_res_sm_pb&#8220;:&#8220;20&#8220;,&#8220;pix_res_md_pt&#8220;:&#8220;40&#8220;,&#8220;pix_res_md_pb&#8220;:&#8220;40&#8220;}&#8221; css=&#8221;.vc_custom_1613616369268{padding-top: 80px !important;padding-bottom: 80px !important;}&#8221; t_custom_height=&#8221;200px&#8221; b_custom_height=&#8221;300px&#8221; pix_overlay_opacity=&#8221;1&#8243; b_3_delay=&#8221;300&#8243; t_3_delay=&#8221;150&#8243;][vc_row full_width=&#8221;stretch_row&#8221; content_placement=&#8221;middle&#8221; pix_particles_check=&#8221;&#8221; responsive_css=&#8221;{&#8220;pix_res_sm_pt&#8220;:&#8220;40&#8220;,&#8220;pix_res_sm_pb&#8220;:&#8220;40&#8220;,&#8220;pix_res_md_pt&#8220;:&#8220;40&#8220;,&#8220;pix_res_md_pb&#8220;:&#8220;40&#8220;}&#8221;][vc_column width=&#8221;1\/2&#8243; responsive_css=&#8221;{&#8220;pix_res_sm_pt&#8220;:&#8220;20&#8220;,&#8220;pix_res_sm_pb&#8220;:&#8220;20&#8220;,&#8220;pix_res_md_pt&#8220;:&#8220;20&#8220;,&#8220;pix_res_md_pb&#8220;:&#8220;20&#8220;}&#8221; css=&#8221;.vc_custom_1613616585471{padding-top: 80px !important;padding-bottom: 80px !important;}&#8221;][\/vc_column][vc_column&#8230;","protected":false},"author":1,"featured_media":0,"parent":0,"menu_order":0,"comment_status":"closed","ping_status":"closed","template":"","meta":{"_monsterinsights_skip_tracking":false,"_monsterinsights_sitenote_active":false,"_monsterinsights_sitenote_note":"","_monsterinsights_sitenote_category":0,"spay_email":""},"_links":{"self":[{"href":"https:\/\/jlo-design.com\/index.php\/wp-json\/wp\/v2\/pages\/13402"}],"collection":[{"href":"https:\/\/jlo-design.com\/index.php\/wp-json\/wp\/v2\/pages"}],"about":[{"href":"https:\/\/jlo-design.com\/index.php\/wp-json\/wp\/v2\/types\/page"}],"author":[{"embeddable":true,"href":"https:\/\/jlo-design.com\/index.php\/wp-json\/wp\/v2\/users\/1"}],"replies":[{"embeddable":true,"href":"https:\/\/jlo-design.com\/index.php\/wp-json\/wp\/v2\/comments?post=13402"}],"version-history":[{"count":5,"href":"https:\/\/jlo-design.com\/index.php\/wp-json\/wp\/v2\/pages\/13402\/revisions"}],"predecessor-version":[{"id":14167,"href":"https:\/\/jlo-design.com\/index.php\/wp-json\/wp\/v2\/pages\/13402\/revisions\/14167"}],"wp:attachment":[{"href":"https:\/\/jlo-design.com\/index.php\/wp-json\/wp\/v2\/media?parent=13402"}],"curies":[{"name":"wp","href":"https:\/\/api.w.org\/{rel}","templated":true}]}}