{"id":13459,"date":"2020-09-21T16:11:11","date_gmt":"2020-09-21T14:11:11","guid":{"rendered":"https:\/\/megapack.pixfort.com\/elementor-test\/?page_id=13459"},"modified":"2022-05-26T14:21:27","modified_gmt":"2022-05-26T12:21:27","slug":"creation-de-pret-a-porter","status":"publish","type":"page","link":"https:\/\/jlo-design.com\/index.php\/creation-de-pret-a-porter\/","title":{"rendered":"Cr\u00e9ation de pr\u00eat \u00e0 porter et Design de mode"},"content":{"rendered":"\t\t<div data-elementor-type=\"wp-page\" data-elementor-id=\"13459\" class=\"elementor elementor-13459\" data-elementor-settings=\"[]\">\n\t\t\t\t\t\t\t<div class=\"elementor-section-wrap\">\n\t\t\t\t\t\t\t<section class=\"elementor-section elementor-top-section elementor-element elementor-element-5883aec elementor-section-boxed elementor-section-height-default elementor-section-height-default\" data-id=\"5883aec\" data-element_type=\"section\">\n\t\t\t\t\t\t<div class=\"elementor-container elementor-column-gap-default\">\n\t\t\t\t\t<div class=\"elementor-column elementor-col-100 elementor-top-column elementor-element elementor-element-a58de73\" data-id=\"a58de73\" data-element_type=\"column\">\n\t\t\t<div class=\"elementor-widget-wrap\">\n\t\t\t\t\t\t\t\t\t<\/div>\n\t\t<\/div>\n\t\t\t\t\t\t\t<\/div>\n\t\t<\/section>\n\t\t\t\t<section class=\"elementor-section elementor-top-section elementor-element elementor-element-59f66b6e elementor-section-boxed elementor-section-height-default elementor-section-height-default\" data-id=\"59f66b6e\" data-element_type=\"section\">\n\t\t\t\t\t\t<div class=\"elementor-container elementor-column-gap-default\">\n\t\t\t\t\t<div class=\"elementor-column elementor-col-50 elementor-top-column elementor-element elementor-element-24fc0f07\" data-id=\"24fc0f07\" data-element_type=\"column\">\n\t\t\t<div class=\"elementor-widget-wrap elementor-element-populated\">\n\t\t\t\t\t\t\t\t<section class=\"elementor-section elementor-inner-section elementor-element elementor-element-151e20f2 bg-white shadow-lg shadow-hover-lg rounded-10 fly-sm animated-slow elementor-section-boxed elementor-section-height-default elementor-section-height-default elementor-invisible\" data-id=\"151e20f2\" data-element_type=\"section\" data-settings=\"{&quot;animation&quot;:&quot;fadeInUp&quot;}\">\n\t\t\t\t\t\t<div class=\"elementor-container elementor-column-gap-default\">\n\t\t\t\t\t<div class=\"elementor-column elementor-col-100 elementor-inner-column elementor-element elementor-element-3fcbeee5\" data-id=\"3fcbeee5\" data-element_type=\"column\">\n\t\t\t<div class=\"elementor-widget-wrap elementor-element-populated\">\n\t\t\t\t\t\t\t\t<div class=\"elementor-element elementor-element-589e136 elementor-widget elementor-widget-pix-highlighted-text\" data-id=\"589e136\" data-element_type=\"widget\" data-widget_type=\"pix-highlighted-text.default\">\n\t\t\t\t<div class=\"elementor-widget-container\">\n\t\t\t<div id=\"highlighted-text-105106176\" class=\"text-center \"><h3 class=\"\"  data-anim-type=\"\" data-anim-delay=\"\"><span class=\"font-weight-normal  font-weight-bold heading-font elementor-repeater-item-fe9a5af\">Cr\u00e9ation <\/span><\/br><span class=\"pix-highlighted-text  font-weight-normal  font-weight-bold heading-font elementor-repeater-item-dc726ff animate-in\" data-anim-type=\"highlight-grow\" data-anim-delay=\"200\">de pr\u00eat \u00e0 porter <\/span><\/br><span class=\"pix-highlighted-text  font-weight-normal  font-weight-bold heading-font elementor-repeater-item-4c56d35 animate-in\" data-anim-type=\"highlight-grow\" data-anim-delay=\"200\">et design de mode<\/span><\/h3><\/div>\t\t<\/div>\n\t\t\t\t<\/div>\n\t\t\t\t<div class=\"elementor-element elementor-element-1f810ec9 elementor-widget elementor-widget-pix-heading\" data-id=\"1f810ec9\" data-element_type=\"widget\" data-widget_type=\"pix-heading.default\">\n\t\t\t\t<div class=\"elementor-widget-container\">\n\t\t\t<div  class=\"pix-heading-el text-left \"><div><div class=\"slide-in-container\"><h5 class=\"text-heading-default font-weight-bold heading-text el-title_custom_color mb-12\" style=\"\" data-anim-type=\"\" data-anim-delay=\"\">CR\u00c9ATION ET DESIGN<\/h5><\/div><\/div><\/div>\t\t<\/div>\n\t\t\t\t<\/div>\n\t\t\t\t<div class=\"elementor-element elementor-element-1d07067e elementor-widget elementor-widget-pix-text\" data-id=\"1d07067e\" data-element_type=\"widget\" data-widget_type=\"pix-text.default\">\n\t\t\t\t<div class=\"elementor-widget-container\">\n\t\t\t<div class=\"pix-el-text slide-in-container w-100 text-left \" ><p class=\"  text-heading-default text-left \" >JLO DESIGN, c\u2019est la \u00ab Zen attitude \u00bb. Un chic d\u00e9contract\u00e9, des coupes et des mati\u00e8res qui matchent parfaitement et dessinent un esprit Libre.\nMadame Ilboudo, directrice de collection de la marque de pr\u00eat-\u00e0-porter JLO, tient \u00e0 partager avec nos clientes sa passion pour l\u2019art et la mode !<\/p><\/div>\t\t<\/div>\n\t\t\t\t<\/div>\n\t\t\t\t<div class=\"elementor-element elementor-element-5a349b4 elementor-widget elementor-widget-pix-button\" data-id=\"5a349b4\" data-element_type=\"widget\" data-widget_type=\"pix-button.default\">\n\t\t\t\t<div class=\"elementor-widget-container\">\n\t\t\t<div class=\"d-block w-100 text-center\"><a  href=\"https:\/\/jlo-design.com\/index.php\/collections\/\" class=\"btn m-0     btn-orange d-block w-100       animate-in pix-btn-div btn-md\"   data-anim-type=\"fade-in-down\" data-anim-delay=\"0\" ><span class=\"font-weight-bold \" >NOS COLLECTIONS<\/span><\/a><\/div>\t\t<\/div>\n\t\t\t\t<\/div>\n\t\t\t\t<div class=\"elementor-element elementor-element-6c7cbd0 elementor-widget elementor-widget-pix-text\" data-id=\"6c7cbd0\" data-element_type=\"widget\" data-widget_type=\"pix-text.default\">\n\t\t\t\t<div class=\"elementor-widget-container\">\n\t\t\t<div class=\"pix-el-text slide-in-container w-100 text-left \" ><p class=\"  text-heading-default text-left \" >Nous sommes une marque de v\u00eatements moderne et chic par excellence avec une pointe \u00e0 l'africaine. Un must pour la vie de tous les jours ponctu\u00e9e de rendez-vous professionnels et personnels.\n\nFashion Week, Cahiers de tendance, voyages \u00e0 l\u2019\u00e9tranger, mus\u00e9es, les sources d\u2019inspiration de notre bureau de cr\u00e9ation sont nombreuses.\n\nNos collections de pr\u00eat-\u00e0-porter sont avant-gardistes et surprennent nos clientes \u00e0 chaque saison. JLO Design incarne l\u2019\u00ab easy life \u00bb d\u2019une mode vraie.<\/p><\/div>\t\t<\/div>\n\t\t\t\t<\/div>\n\t\t\t\t\t<\/div>\n\t\t<\/div>\n\t\t\t\t\t\t\t<\/div>\n\t\t<\/section>\n\t\t\t\t\t<\/div>\n\t\t<\/div>\n\t\t\t\t<div class=\"elementor-column elementor-col-50 elementor-top-column elementor-element elementor-element-1b5feeac\" data-id=\"1b5feeac\" data-element_type=\"column\">\n\t\t\t<div class=\"elementor-widget-wrap elementor-element-populated\">\n\t\t\t\t\t\t\t\t<div class=\"elementor-element elementor-element-7d580681 elementor-widget__width-initial elementor-widget-tablet__width-initial elementor-widget-mobile__width-initial elementor-absolute elementor-widget elementor-widget-pix-img\" data-id=\"7d580681\" data-element_type=\"widget\" data-settings=\"{&quot;_position&quot;:&quot;absolute&quot;}\" data-widget_type=\"pix-img.default\">\n\t\t\t\t<div class=\"elementor-widget-container\">\n\t\t\t<div class=\"pix-img-div  text-center\"><div class=\"pix-img-el    d-inline-block  w-100 rounded\"  data-jarallax-element=\"2 -5\"><img loading=\"lazy\" class=\"card-img2 pix-img-elem rounded  h-1002\" style=\"height:auto;\" width=\"1080\" height=\"1080\" srcset=\"https:\/\/jlo-design.com\/wp-content\/uploads\/2022\/05\/ACCESSOIRES-POUR-ANIMAUX-Publication-Instagram.png 1080w, https:\/\/jlo-design.com\/wp-content\/uploads\/2022\/05\/ACCESSOIRES-POUR-ANIMAUX-Publication-Instagram-300x300.png 300w, https:\/\/jlo-design.com\/wp-content\/uploads\/2022\/05\/ACCESSOIRES-POUR-ANIMAUX-Publication-Instagram-100x100.png 100w, https:\/\/jlo-design.com\/wp-content\/uploads\/2022\/05\/ACCESSOIRES-POUR-ANIMAUX-Publication-Instagram-600x600.png 600w, https:\/\/jlo-design.com\/wp-content\/uploads\/2022\/05\/ACCESSOIRES-POUR-ANIMAUX-Publication-Instagram-1024x1024.png 1024w, https:\/\/jlo-design.com\/wp-content\/uploads\/2022\/05\/ACCESSOIRES-POUR-ANIMAUX-Publication-Instagram-150x150.png 150w, https:\/\/jlo-design.com\/wp-content\/uploads\/2022\/05\/ACCESSOIRES-POUR-ANIMAUX-Publication-Instagram-768x768.png 768w, https:\/\/jlo-design.com\/wp-content\/uploads\/2022\/05\/ACCESSOIRES-POUR-ANIMAUX-Publication-Instagram-400x400.png 400w, https:\/\/jlo-design.com\/wp-content\/uploads\/2022\/05\/ACCESSOIRES-POUR-ANIMAUX-Publication-Instagram-75x75.png 75w, https:\/\/jlo-design.com\/wp-content\/uploads\/2022\/05\/ACCESSOIRES-POUR-ANIMAUX-Publication-Instagram-460x460.png 460w\" sizes=\"(max-width: 1080px) 100vw, 1080px\" src=\"https:\/\/jlo-design.com\/wp-content\/uploads\/2022\/05\/ACCESSOIRES-POUR-ANIMAUX-Publication-Instagram.png\" alt=\"\" \/><\/div><\/div>\t\t<\/div>\n\t\t\t\t<\/div>\n\t\t\t\t\t<\/div>\n\t\t<\/div>\n\t\t\t\t\t\t\t<\/div>\n\t\t<\/section>\n\t\t\t\t<section class=\"elementor-section elementor-top-section elementor-element elementor-element-516b11e elementor-section-boxed elementor-section-height-default elementor-section-height-default\" data-id=\"516b11e\" data-element_type=\"section\">\n\t\t\t\t\t\t<div class=\"elementor-container elementor-column-gap-default\">\n\t\t\t\t\t<div class=\"elementor-column elementor-col-50 elementor-top-column elementor-element elementor-element-1454474\" data-id=\"1454474\" data-element_type=\"column\">\n\t\t\t<div class=\"elementor-widget-wrap elementor-element-populated\">\n\t\t\t\t\t\t\t\t<div class=\"elementor-element elementor-element-61cde2c elementor-widget elementor-widget-image\" data-id=\"61cde2c\" data-element_type=\"widget\" data-widget_type=\"image.default\">\n\t\t\t\t<div class=\"elementor-widget-container\">\n\t\t\t\t\t\t\t\t\t\t\t\t\t\t\t<img width=\"404\" height=\"604\" src=\"https:\/\/jlo-design.com\/wp-content\/uploads\/2022\/05\/WhatsApp-Image-2022-05-24-at-14.16.33.jpeg\" class=\"attachment-large size-large\" alt=\"\" loading=\"lazy\" srcset=\"https:\/\/jlo-design.com\/wp-content\/uploads\/2022\/05\/WhatsApp-Image-2022-05-24-at-14.16.33.jpeg 404w, https:\/\/jlo-design.com\/wp-content\/uploads\/2022\/05\/WhatsApp-Image-2022-05-24-at-14.16.33-201x300.jpeg 201w\" sizes=\"(max-width: 404px) 100vw, 404px\" \/>\t\t\t\t\t\t\t\t\t\t\t\t\t\t\t<\/div>\n\t\t\t\t<\/div>\n\t\t\t\t\t<\/div>\n\t\t<\/div>\n\t\t\t\t<div class=\"elementor-column elementor-col-50 elementor-top-column elementor-element elementor-element-8955abf\" data-id=\"8955abf\" data-element_type=\"column\">\n\t\t\t<div class=\"elementor-widget-wrap elementor-element-populated\">\n\t\t\t\t\t\t\t\t<div class=\"elementor-element elementor-element-ac88934 elementor-widget elementor-widget-spacer\" data-id=\"ac88934\" data-element_type=\"widget\" data-widget_type=\"spacer.default\">\n\t\t\t\t<div class=\"elementor-widget-container\">\n\t\t\t\t\t<div class=\"elementor-spacer\">\n\t\t\t<div class=\"elementor-spacer-inner\"><\/div>\n\t\t<\/div>\n\t\t\t\t<\/div>\n\t\t\t\t<\/div>\n\t\t\t\t<div class=\"elementor-element elementor-element-2990f9f elementor-widget elementor-widget-pix-heading\" data-id=\"2990f9f\" data-element_type=\"widget\" data-widget_type=\"pix-heading.default\">\n\t\t\t\t<div class=\"elementor-widget-container\">\n\t\t\t<div  class=\"pix-heading-el text-center \"><div><div class=\"slide-in-container\"><h5 class=\"text-heading-default font-weight-bold heading-text el-title_custom_color mb-12\" style=\"\" data-anim-type=\"\" data-anim-delay=\"\">LE SECRET JLO DESIGN<\/h5><\/div><\/div><\/div>\t\t<\/div>\n\t\t\t\t<\/div>\n\t\t\t\t<div class=\"elementor-element elementor-element-fd70522 elementor-widget elementor-widget-pix-text\" data-id=\"fd70522\" data-element_type=\"widget\" data-widget_type=\"pix-text.default\">\n\t\t\t\t<div class=\"elementor-widget-container\">\n\t\t\t<div class=\"pix-el-text slide-in-container w-100 text-left \" ><p class=\"  text-heading-default text-left \" >Le secret de notre marque de v\u00eatement, c\u2019est de ne jamais sortir h\u00e9sitante. La femme habill\u00e9e en JLO doit se sentir confiante, s\u00fbre d\u2019elle, quelque soit son look.\n\nConfort, qualit\u00e9 et style sont les qualificatifs les plus souvent utilis\u00e9s par nos clientes toujours plus nombreuses.\n\nJLO swingue chaque saison avec style entre allure africaine, moderne et chic. Nos clientes sont devenues de vraies fashionistas et raffolent des ventes de v\u00eatement \u00e0 domicile .\n<\/p><\/div>\t\t<\/div>\n\t\t\t\t<\/div>\n\t\t\t\t\t<\/div>\n\t\t<\/div>\n\t\t\t\t\t\t\t<\/div>\n\t\t<\/section>\n\t\t\t\t<section class=\"elementor-section elementor-top-section elementor-element elementor-element-d54d532 elementor-section-boxed elementor-section-height-default elementor-section-height-default\" data-id=\"d54d532\" data-element_type=\"section\">\n\t\t\t\t\t\t<div class=\"elementor-container elementor-column-gap-default\">\n\t\t\t\t\t<div class=\"elementor-column elementor-col-50 elementor-top-column elementor-element elementor-element-29d25b5\" data-id=\"29d25b5\" data-element_type=\"column\">\n\t\t\t<div class=\"elementor-widget-wrap elementor-element-populated\">\n\t\t\t\t\t\t\t\t<div class=\"elementor-element elementor-element-a88db1c elementor-widget elementor-widget-spacer\" data-id=\"a88db1c\" data-element_type=\"widget\" data-widget_type=\"spacer.default\">\n\t\t\t\t<div class=\"elementor-widget-container\">\n\t\t\t\t\t<div class=\"elementor-spacer\">\n\t\t\t<div class=\"elementor-spacer-inner\"><\/div>\n\t\t<\/div>\n\t\t\t\t<\/div>\n\t\t\t\t<\/div>\n\t\t\t\t<div class=\"elementor-element elementor-element-dc4a831 elementor-widget elementor-widget-pix-heading\" data-id=\"dc4a831\" data-element_type=\"widget\" data-widget_type=\"pix-heading.default\">\n\t\t\t\t<div class=\"elementor-widget-container\">\n\t\t\t<div  class=\"pix-heading-el text-center \"><div><div class=\"slide-in-container\"><h5 class=\"text-heading-default font-weight-bold heading-text el-title_custom_color mb-12\" style=\"\" data-anim-type=\"\" data-anim-delay=\"\">AFFIRMEZ VOTRE STYLE<\/h5><\/div><\/div><\/div>\t\t<\/div>\n\t\t\t\t<\/div>\n\t\t\t\t<div class=\"elementor-element elementor-element-6a9afa3 elementor-widget elementor-widget-pix-text\" data-id=\"6a9afa3\" data-element_type=\"widget\" data-widget_type=\"pix-text.default\">\n\t\t\t\t<div class=\"elementor-widget-container\">\n\t\t\t<div class=\"pix-el-text slide-in-container w-100 text-left \" ><p class=\"  text-heading-default text-left \" >Depuis 2011, notre marque de pr\u00eat-\u00e0-porter poss\u00e8de sa propre collection pour sublimer vos looks. !\n\n\n\nNous savons m\u00e9langer les styles avec go\u00fbt. Style ethnique, imprim\u00e9s floraux, gypset ou boh\u00e8me, classique ou chic, la Ligne de pr\u00eat-\u00e0-porter JLO est d\u00e9di\u00e9e \u00e0 une femme active et non active , qui aime la mode et les v\u00eatements tendances sans en \u00eatre victime.\n\n<\/p><\/div>\t\t<\/div>\n\t\t\t\t<\/div>\n\t\t\t\t\t<\/div>\n\t\t<\/div>\n\t\t\t\t<div class=\"elementor-column elementor-col-50 elementor-top-column elementor-element elementor-element-f89de6c\" data-id=\"f89de6c\" data-element_type=\"column\">\n\t\t\t<div class=\"elementor-widget-wrap elementor-element-populated\">\n\t\t\t\t\t\t\t\t<div class=\"elementor-element elementor-element-4752807 elementor-widget elementor-widget-pix-photo-stack\" data-id=\"4752807\" data-element_type=\"widget\" data-widget_type=\"pix-photo-stack.default\">\n\t\t\t\t<div class=\"elementor-widget-container\">\n\t\t\t<div class=\"pix-photo-stack pix-img-n \"><div class=\"img-el\" ><img width=\"630\" height=\"960\" class=\"pix-lazy rounded-lg d-inline-block\" loading=\"lazy\" data-srcset=\"https:\/\/jlo-design.com\/wp-content\/uploads\/2022\/05\/WhatsApp-Image-2022-05-24-at-07.53.21-197x300.jpeg 197w, https:\/\/jlo-design.com\/wp-content\/uploads\/2022\/05\/WhatsApp-Image-2022-05-24-at-07.53.21-600x914.jpeg 600w, https:\/\/jlo-design.com\/wp-content\/uploads\/2022\/05\/WhatsApp-Image-2022-05-24-at-07.53.21.jpeg 630w\" src=\"https:\/\/jlo-design.com\/wp-content\/plugins\/pixfort-core\/functions\/images\/loading.webp\" data-src=\"https:\/\/jlo-design.com\/wp-content\/uploads\/2022\/05\/WhatsApp-Image-2022-05-24-at-07.53.21.jpeg\" alt=\"\" \/><\/div><div class=\"img-el\" ><img width=\"1080\" height=\"1080\" class=\"pix-lazy rounded-lg d-inline-block\" loading=\"lazy\" data-srcset=\"https:\/\/jlo-design.com\/wp-content\/uploads\/2022\/05\/WhatsApp-Image-2022-05-24-at-07.56.36-2-300x300.jpeg 300w, https:\/\/jlo-design.com\/wp-content\/uploads\/2022\/05\/WhatsApp-Image-2022-05-24-at-07.56.36-2-100x100.jpeg 100w, https:\/\/jlo-design.com\/wp-content\/uploads\/2022\/05\/WhatsApp-Image-2022-05-24-at-07.56.36-2-600x600.jpeg 600w, https:\/\/jlo-design.com\/wp-content\/uploads\/2022\/05\/WhatsApp-Image-2022-05-24-at-07.56.36-2-1024x1024.jpeg 1024w, https:\/\/jlo-design.com\/wp-content\/uploads\/2022\/05\/WhatsApp-Image-2022-05-24-at-07.56.36-2-150x150.jpeg 150w, https:\/\/jlo-design.com\/wp-content\/uploads\/2022\/05\/WhatsApp-Image-2022-05-24-at-07.56.36-2-768x768.jpeg 768w, https:\/\/jlo-design.com\/wp-content\/uploads\/2022\/05\/WhatsApp-Image-2022-05-24-at-07.56.36-2-400x400.jpeg 400w, https:\/\/jlo-design.com\/wp-content\/uploads\/2022\/05\/WhatsApp-Image-2022-05-24-at-07.56.36-2-75x75.jpeg 75w, https:\/\/jlo-design.com\/wp-content\/uploads\/2022\/05\/WhatsApp-Image-2022-05-24-at-07.56.36-2-460x460.jpeg 460w, https:\/\/jlo-design.com\/wp-content\/uploads\/2022\/05\/WhatsApp-Image-2022-05-24-at-07.56.36-2.jpeg 1080w\" src=\"https:\/\/jlo-design.com\/wp-content\/plugins\/pixfort-core\/functions\/images\/loading.webp\" data-src=\"https:\/\/jlo-design.com\/wp-content\/uploads\/2022\/05\/WhatsApp-Image-2022-05-24-at-07.56.36-2.jpeg\" alt=\"\" \/><\/div><div class=\"img-el\" ><img width=\"1080\" height=\"1080\" class=\"pix-lazy rounded-lg d-inline-block\" loading=\"lazy\" data-srcset=\"https:\/\/jlo-design.com\/wp-content\/uploads\/2022\/05\/WhatsApp-Image-2022-05-24-at-07.56.35-1-300x300.jpeg 300w, https:\/\/jlo-design.com\/wp-content\/uploads\/2022\/05\/WhatsApp-Image-2022-05-24-at-07.56.35-1-100x100.jpeg 100w, https:\/\/jlo-design.com\/wp-content\/uploads\/2022\/05\/WhatsApp-Image-2022-05-24-at-07.56.35-1-600x600.jpeg 600w, https:\/\/jlo-design.com\/wp-content\/uploads\/2022\/05\/WhatsApp-Image-2022-05-24-at-07.56.35-1-1024x1024.jpeg 1024w, https:\/\/jlo-design.com\/wp-content\/uploads\/2022\/05\/WhatsApp-Image-2022-05-24-at-07.56.35-1-150x150.jpeg 150w, https:\/\/jlo-design.com\/wp-content\/uploads\/2022\/05\/WhatsApp-Image-2022-05-24-at-07.56.35-1-768x768.jpeg 768w, https:\/\/jlo-design.com\/wp-content\/uploads\/2022\/05\/WhatsApp-Image-2022-05-24-at-07.56.35-1-400x400.jpeg 400w, https:\/\/jlo-design.com\/wp-content\/uploads\/2022\/05\/WhatsApp-Image-2022-05-24-at-07.56.35-1-75x75.jpeg 75w, https:\/\/jlo-design.com\/wp-content\/uploads\/2022\/05\/WhatsApp-Image-2022-05-24-at-07.56.35-1-460x460.jpeg 460w, https:\/\/jlo-design.com\/wp-content\/uploads\/2022\/05\/WhatsApp-Image-2022-05-24-at-07.56.35-1.jpeg 1080w\" src=\"https:\/\/jlo-design.com\/wp-content\/plugins\/pixfort-core\/functions\/images\/loading.webp\" data-src=\"https:\/\/jlo-design.com\/wp-content\/uploads\/2022\/05\/WhatsApp-Image-2022-05-24-at-07.56.35-1.jpeg\" alt=\"\" \/><\/div><\/div>\t\t<\/div>\n\t\t\t\t<\/div>\n\t\t\t\t\t<\/div>\n\t\t<\/div>\n\t\t\t\t\t\t\t<\/div>\n\t\t<\/section>\n\t\t\t\t<section class=\"elementor-section elementor-top-section elementor-element elementor-element-7245a5a elementor-section-boxed elementor-section-height-default elementor-section-height-default\" data-id=\"7245a5a\" data-element_type=\"section\">\n\t\t\t\t\t\t<div class=\"elementor-container elementor-column-gap-default\">\n\t\t\t\t\t<div class=\"elementor-column elementor-col-100 elementor-top-column elementor-element elementor-element-7eab586\" data-id=\"7eab586\" data-element_type=\"column\">\n\t\t\t<div class=\"elementor-widget-wrap\">\n\t\t\t\t\t\t\t\t\t<\/div>\n\t\t<\/div>\n\t\t\t\t\t\t\t<\/div>\n\t\t<\/section>\n\t\t\t\t\t\t<\/div>\n\t\t\t\t\t<\/div>\n\t\t","protected":false},"excerpt":{"rendered":"Cr\u00e9ation de pr\u00eat \u00e0 porter et design de mode CR\u00c9ATION ET DESIGN JLO DESIGN, c\u2019est la \u00ab Zen attitude \u00bb. Un chic d\u00e9contract\u00e9, des coupes et des mati\u00e8res qui matchent parfaitement et dessinent un esprit Libre. Madame Ilboudo, directrice de&#8230;","protected":false},"author":1,"featured_media":0,"parent":0,"menu_order":0,"comment_status":"closed","ping_status":"closed","template":"","meta":{"_monsterinsights_skip_tracking":false,"_monsterinsights_sitenote_active":false,"_monsterinsights_sitenote_note":"","_monsterinsights_sitenote_category":0,"spay_email":""},"_links":{"self":[{"href":"https:\/\/jlo-design.com\/index.php\/wp-json\/wp\/v2\/pages\/13459"}],"collection":[{"href":"https:\/\/jlo-design.com\/index.php\/wp-json\/wp\/v2\/pages"}],"about":[{"href":"https:\/\/jlo-design.com\/index.php\/wp-json\/wp\/v2\/types\/page"}],"author":[{"embeddable":true,"href":"https:\/\/jlo-design.com\/index.php\/wp-json\/wp\/v2\/users\/1"}],"replies":[{"embeddable":true,"href":"https:\/\/jlo-design.com\/index.php\/wp-json\/wp\/v2\/comments?post=13459"}],"version-history":[{"count":13,"href":"https:\/\/jlo-design.com\/index.php\/wp-json\/wp\/v2\/pages\/13459\/revisions"}],"predecessor-version":[{"id":14142,"href":"https:\/\/jlo-design.com\/index.php\/wp-json\/wp\/v2\/pages\/13459\/revisions\/14142"}],"wp:attachment":[{"href":"https:\/\/jlo-design.com\/index.php\/wp-json\/wp\/v2\/media?parent=13459"}],"curies":[{"name":"wp","href":"https:\/\/api.w.org\/{rel}","templated":true}]}}