{"id":14018,"date":"2022-05-25T14:07:05","date_gmt":"2022-05-25T12:07:05","guid":{"rendered":"https:\/\/jlo-design.com\/?page_id=14018"},"modified":"2022-07-01T18:31:48","modified_gmt":"2022-07-01T16:31:48","slug":"galleries","status":"publish","type":"page","link":"https:\/\/jlo-design.com\/index.php\/galleries\/","title":{"rendered":"Galleries"},"content":{"rendered":"\t\t<div data-elementor-type=\"wp-page\" data-elementor-id=\"14018\" class=\"elementor elementor-14018\" data-elementor-settings=\"[]\">\n\t\t\t\t\t\t\t<div class=\"elementor-section-wrap\">\n\t\t\t\t\t\t\t<section class=\"elementor-section elementor-top-section elementor-element elementor-element-55c0170c elementor-section-stretched elementor-section-boxed elementor-section-height-default elementor-section-height-default\" data-id=\"55c0170c\" data-element_type=\"section\" data-settings=\"{&quot;stretch_section&quot;:&quot;section-stretched&quot;,&quot;background_background&quot;:&quot;gradient&quot;}\">\n\t\t\t\t\t\t\t<div class=\"elementor-background-overlay\"><\/div>\n\t\t\t\t\t\t\t<div class=\"elementor-container elementor-column-gap-default\">\n\t\t\t\t\t<div class=\"elementor-column elementor-col-100 elementor-top-column elementor-element elementor-element-323387ea\" data-id=\"323387ea\" data-element_type=\"column\">\n\t\t\t<div class=\"elementor-widget-wrap elementor-element-populated\">\n\t\t\t\t\t\t\t\t<div class=\"elementor-element elementor-element-4da98556 elementor-widget elementor-widget-pix-sliding-text\" data-id=\"4da98556\" data-element_type=\"widget\" data-widget_type=\"pix-sliding-text.default\">\n\t\t\t\t<div class=\"elementor-widget-container\">\n\t\t\t<div id=\"sliding-text-98639497\" class=\"mb-3 text-center \"><h3 class=\"mb-32 pix-sliding-headline font-weight-bold secondary-font\" data-class=\"secondary-font text-white\" data-style=\"\">Parcourez notre gall\u00e9rie<\/h3><\/div>\t\t<\/div>\n\t\t\t\t<\/div>\n\t\t\t\t<div class=\"elementor-element elementor-element-3c8034d elementor-invisible elementor-widget elementor-widget-pix-heading\" data-id=\"3c8034d\" data-element_type=\"widget\" data-widget_type=\"pix-heading.default\">\n\t\t\t\t<div class=\"elementor-widget-container\">\n\t\t\t<div  class=\"pix-heading-el text-center \"><div><div class=\"slide-in-container\"><h6 class=\"text-body-default font-weight-bold animate-in heading-text el-title_custom_color mb-12\" style=\"\" data-anim-type=\"fade-in\" data-anim-delay=\"0\">D\u00e9couvrez quelques-uns de nos mod\u00e8les d\u00e9j\u00e0 livr\u00e9s<\/h6><\/div><\/div><\/div>\t\t<\/div>\n\t\t\t\t<\/div>\n\t\t\t\t<div class=\"elementor-element elementor-element-2d1f517c elementor-widget__width-auto elementor-widget elementor-widget-pix-img\" data-id=\"2d1f517c\" data-element_type=\"widget\" data-widget_type=\"pix-img.default\">\n\t\t\t\t<div class=\"elementor-widget-container\">\n\t\t\t<div class=\"d-inline-block \" ><div class=\"pix-img-el    left d-inline-block   rounded-0\"  ><img loading=\"lazy\" class=\"card-img2 pix-img-elem rounded-0  h-1002\" style=\"width:180px;height:auto;\" width=\"446\" height=\"168\" srcset=\"https:\/\/jlo-design.com\/wp-content\/uploads\/2022\/05\/Gris-et-Lignes-.png 446w, https:\/\/jlo-design.com\/wp-content\/uploads\/2022\/05\/Gris-et-Lignes--300x113.png 300w\" sizes=\"(max-width: 446px) 100vw, 446px\" src=\"https:\/\/jlo-design.com\/wp-content\/uploads\/2022\/05\/Gris-et-Lignes-.png\" alt=\"\" \/><\/div><\/div>\t\t<\/div>\n\t\t\t\t<\/div>\n\t\t\t\t\t<\/div>\n\t\t<\/div>\n\t\t\t\t\t\t\t<\/div>\n\t\t<\/section>\n\t\t\t\t<section class=\"elementor-section elementor-top-section elementor-element elementor-element-2fe887d3 elementor-section-stretched elementor-section-full_width elementor-section-height-default elementor-section-height-default\" data-id=\"2fe887d3\" data-element_type=\"section\" data-settings=\"{&quot;stretch_section&quot;:&quot;section-stretched&quot;}\">\n\t\t\t\t\t\t<div class=\"elementor-container elementor-column-gap-no\">\n\t\t\t\t\t<div class=\"elementor-column elementor-col-100 elementor-top-column elementor-element elementor-element-2456cafa\" data-id=\"2456cafa\" data-element_type=\"column\">\n\t\t\t<div class=\"elementor-widget-wrap elementor-element-populated\">\n\t\t\t\t\t\t\t\t<div class=\"elementor-element elementor-element-7506e30c elementor-widget elementor-widget-pix-dividers\" data-id=\"7506e30c\" data-element_type=\"widget\" data-widget_type=\"pix-dividers.default\">\n\t\t\t\t<div class=\"elementor-widget-container\">\n\t\t\t<div class=\"pix-divider  position-relative pix-bottom-divider\" data-style=\"style-dynamic\" style=\"bottom:-1px;\"><div class=\"pix-dividers-box\" >\n                    <svg class=\"pix-shape-dividers\"  viewBox=\"0 0 100 100\" preserveAspectRatio=\"none\">\n                        <defs><linearGradient id=\"divider-pix-accordion-361457-bottom-overlay-color-0\" x1=\"0%\" y1=\"0%\" x2=\"100%\" y2=\"0%\"><stop offset=\"0%\"   stop-color=\"rgba(248, 249, 250, 0.25)\"\/><stop offset=\"100%\"   stop-color=\"#F8F9FA\"\/><\/linearGradient><linearGradient id=\"divider-pix-accordion-361457-bottom-overlay-color-1\" x1=\"0%\" y1=\"0%\" x2=\"100%\" y2=\"0%\"><stop offset=\"0%\"   stop-color=\"rgba(248, 249, 250, 0.5)\"\/><stop offset=\"100%\"   stop-color=\"#F8F9FA\"\/><\/linearGradient><linearGradient id=\"divider-pix-accordion-361457-bottom-overlay-color-2\" x1=\"0%\" y1=\"0%\" x2=\"100%\" y2=\"0%\"><stop offset=\"0%\"   stop-color=\"#F8F9FA\"\/><stop offset=\"100%\"   stop-color=\"#F8F9FA\"\/><\/linearGradient><\/defs><path d=\"\" class=\"\" fill=\"url(#divider-pix-accordion-361457-bottom-overlay-color-0)\"><\/path><path d=\"\" class=\"\" fill=\"url(#divider-pix-accordion-361457-bottom-overlay-color-1)\"><\/path><path d=\"\" class=\"\" fill=\"url(#divider-pix-accordion-361457-bottom-overlay-color-2)\"><\/path>\n                    <\/svg>\n                <\/div><\/div>\t\t<\/div>\n\t\t\t\t<\/div>\n\t\t\t\t\t<\/div>\n\t\t<\/div>\n\t\t\t\t\t\t\t<\/div>\n\t\t<\/section>\n\t\t\t\t<section class=\"elementor-section elementor-top-section elementor-element elementor-element-78430f8 elementor-section-boxed elementor-section-height-default elementor-section-height-default\" data-id=\"78430f8\" data-element_type=\"section\">\n\t\t\t\t\t\t<div class=\"elementor-container elementor-column-gap-default\">\n\t\t\t\t\t<div class=\"elementor-column elementor-col-100 elementor-top-column elementor-element elementor-element-938e906\" data-id=\"938e906\" data-element_type=\"column\">\n\t\t\t<div class=\"elementor-widget-wrap elementor-element-populated\">\n\t\t\t\t\t\t\t\t<div class=\"elementor-element elementor-element-4173915 elementor-widget elementor-widget-gallery\" data-id=\"4173915\" data-element_type=\"widget\" data-settings=\"{&quot;gallery_layout&quot;:&quot;masonry&quot;,&quot;columns&quot;:3,&quot;gap&quot;:{&quot;unit&quot;:&quot;px&quot;,&quot;size&quot;:22,&quot;sizes&quot;:[]},&quot;lazyload&quot;:&quot;yes&quot;,&quot;columns_tablet&quot;:2,&quot;columns_mobile&quot;:1,&quot;gap_tablet&quot;:{&quot;unit&quot;:&quot;px&quot;,&quot;size&quot;:10,&quot;sizes&quot;:[]},&quot;gap_mobile&quot;:{&quot;unit&quot;:&quot;px&quot;,&quot;size&quot;:10,&quot;sizes&quot;:[]},&quot;link_to&quot;:&quot;file&quot;,&quot;overlay_background&quot;:&quot;yes&quot;,&quot;content_hover_animation&quot;:&quot;fade-in&quot;}\" data-widget_type=\"gallery.default\">\n\t\t\t\t<div class=\"elementor-widget-container\">\n\t\t\t\t\t<div class=\"elementor-gallery__container\">\n\t\t\t\t\t\t\t<a class=\"e-gallery-item elementor-gallery-item elementor-animated-content\" href=\"https:\/\/jlo-design.com\/wp-content\/uploads\/2022\/05\/127629241_1824305034399969_7613850145839142177_n.jpg\" data-elementor-open-lightbox=\"yes\" data-elementor-lightbox-slideshow=\"all-4173915\" data-elementor-lightbox-title=\"127629241_1824305034399969_7613850145839142177_n\">\n\t\t\t\t\t<div class=\"e-gallery-image elementor-gallery-item__image\" data-thumbnail=\"https:\/\/jlo-design.com\/wp-content\/uploads\/2022\/05\/127629241_1824305034399969_7613850145839142177_n-200x300.jpg\" data-width=\"200\" data-height=\"300\" alt=\"\" ><\/div>\n\t\t\t\t\t\t\t\t\t\t<div class=\"elementor-gallery-item__overlay\"><\/div>\n\t\t\t\t\t\t\t\t\t\t\t\t\t\t<\/a>\n\t\t\t\t\t\t\t<a class=\"e-gallery-item elementor-gallery-item elementor-animated-content\" href=\"https:\/\/jlo-design.com\/wp-content\/uploads\/2022\/05\/132520204_1846871222143350_7652782846564809724_n.jpg\" data-elementor-open-lightbox=\"yes\" data-elementor-lightbox-slideshow=\"all-4173915\" data-elementor-lightbox-title=\"132520204_1846871222143350_7652782846564809724_n\">\n\t\t\t\t\t<div class=\"e-gallery-image elementor-gallery-item__image\" data-thumbnail=\"https:\/\/jlo-design.com\/wp-content\/uploads\/2022\/05\/132520204_1846871222143350_7652782846564809724_n-249x300.jpg\" data-width=\"249\" data-height=\"300\" alt=\"\" ><\/div>\n\t\t\t\t\t\t\t\t\t\t<div class=\"elementor-gallery-item__overlay\"><\/div>\n\t\t\t\t\t\t\t\t\t\t\t\t\t\t<\/a>\n\t\t\t\t\t\t\t<a class=\"e-gallery-item elementor-gallery-item elementor-animated-content\" href=\"https:\/\/jlo-design.com\/wp-content\/uploads\/2022\/05\/231438244_2013602142136923_761242607845196034_n.jpg\" data-elementor-open-lightbox=\"yes\" data-elementor-lightbox-slideshow=\"all-4173915\" data-elementor-lightbox-title=\"231438244_2013602142136923_761242607845196034_n\">\n\t\t\t\t\t<div class=\"e-gallery-image elementor-gallery-item__image\" data-thumbnail=\"https:\/\/jlo-design.com\/wp-content\/uploads\/2022\/05\/231438244_2013602142136923_761242607845196034_n-215x300.jpg\" data-width=\"215\" data-height=\"300\" alt=\"\" ><\/div>\n\t\t\t\t\t\t\t\t\t\t<div class=\"elementor-gallery-item__overlay\"><\/div>\n\t\t\t\t\t\t\t\t\t\t\t\t\t\t<\/a>\n\t\t\t\t\t\t\t<a class=\"e-gallery-item elementor-gallery-item elementor-animated-content\" href=\"https:\/\/jlo-design.com\/wp-content\/uploads\/2022\/05\/279966135_2219160824914386_7105265069448646940_n.jpg\" data-elementor-open-lightbox=\"yes\" data-elementor-lightbox-slideshow=\"all-4173915\" data-elementor-lightbox-title=\"279966135_2219160824914386_7105265069448646940_n\">\n\t\t\t\t\t<div class=\"e-gallery-image elementor-gallery-item__image\" data-thumbnail=\"https:\/\/jlo-design.com\/wp-content\/uploads\/2022\/05\/279966135_2219160824914386_7105265069448646940_n-225x300.jpg\" data-width=\"225\" data-height=\"300\" alt=\"\" ><\/div>\n\t\t\t\t\t\t\t\t\t\t<div class=\"elementor-gallery-item__overlay\"><\/div>\n\t\t\t\t\t\t\t\t\t\t\t\t\t\t<\/a>\n\t\t\t\t\t\t\t<a class=\"e-gallery-item elementor-gallery-item elementor-animated-content\" href=\"https:\/\/jlo-design.com\/wp-content\/uploads\/2022\/05\/279703270_2216326968531105_2345663206616162269_n.jpg\" data-elementor-open-lightbox=\"yes\" data-elementor-lightbox-slideshow=\"all-4173915\" data-elementor-lightbox-title=\"279703270_2216326968531105_2345663206616162269_n\">\n\t\t\t\t\t<div class=\"e-gallery-image elementor-gallery-item__image\" data-thumbnail=\"https:\/\/jlo-design.com\/wp-content\/uploads\/2022\/05\/279703270_2216326968531105_2345663206616162269_n-140x300.jpg\" data-width=\"140\" data-height=\"300\" alt=\"\" ><\/div>\n\t\t\t\t\t\t\t\t\t\t<div class=\"elementor-gallery-item__overlay\"><\/div>\n\t\t\t\t\t\t\t\t\t\t\t\t\t\t<\/a>\n\t\t\t\t\t\t\t<a class=\"e-gallery-item elementor-gallery-item elementor-animated-content\" href=\"https:\/\/jlo-design.com\/wp-content\/uploads\/2022\/05\/279385918_2212518025578666_2282134976356894723_n.jpg\" data-elementor-open-lightbox=\"yes\" data-elementor-lightbox-slideshow=\"all-4173915\" data-elementor-lightbox-title=\"279385918_2212518025578666_2282134976356894723_n\">\n\t\t\t\t\t<div class=\"e-gallery-image elementor-gallery-item__image\" data-thumbnail=\"https:\/\/jlo-design.com\/wp-content\/uploads\/2022\/05\/279385918_2212518025578666_2282134976356894723_n-132x300.jpg\" data-width=\"132\" data-height=\"300\" alt=\"\" ><\/div>\n\t\t\t\t\t\t\t\t\t\t<div class=\"elementor-gallery-item__overlay\"><\/div>\n\t\t\t\t\t\t\t\t\t\t\t\t\t\t<\/a>\n\t\t\t\t\t\t\t<a class=\"e-gallery-item elementor-gallery-item elementor-animated-content\" href=\"https:\/\/jlo-design.com\/wp-content\/uploads\/2022\/05\/277297842_2186161111547691_1102515752174246159_n.jpg\" data-elementor-open-lightbox=\"yes\" data-elementor-lightbox-slideshow=\"all-4173915\" data-elementor-lightbox-title=\"277297842_2186161111547691_1102515752174246159_n\">\n\t\t\t\t\t<div class=\"e-gallery-image elementor-gallery-item__image\" data-thumbnail=\"https:\/\/jlo-design.com\/wp-content\/uploads\/2022\/05\/277297842_2186161111547691_1102515752174246159_n-225x300.jpg\" data-width=\"225\" data-height=\"300\" alt=\"\" ><\/div>\n\t\t\t\t\t\t\t\t\t\t<div class=\"elementor-gallery-item__overlay\"><\/div>\n\t\t\t\t\t\t\t\t\t\t\t\t\t\t<\/a>\n\t\t\t\t\t\t\t<a class=\"e-gallery-item elementor-gallery-item elementor-animated-content\" href=\"https:\/\/jlo-design.com\/wp-content\/uploads\/2020\/02\/FB_IMG_1649083921925.jpg\" data-elementor-open-lightbox=\"yes\" data-elementor-lightbox-slideshow=\"all-4173915\" data-elementor-lightbox-title=\"FB_IMG_1649083921925\">\n\t\t\t\t\t<div class=\"e-gallery-image elementor-gallery-item__image\" data-thumbnail=\"https:\/\/jlo-design.com\/wp-content\/uploads\/2020\/02\/FB_IMG_1649083921925-227x300.jpg\" data-width=\"227\" data-height=\"300\" alt=\"\" ><\/div>\n\t\t\t\t\t\t\t\t\t\t<div class=\"elementor-gallery-item__overlay\"><\/div>\n\t\t\t\t\t\t\t\t\t\t\t\t\t\t<\/a>\n\t\t\t\t\t\t\t<a class=\"e-gallery-item elementor-gallery-item elementor-animated-content\" href=\"https:\/\/jlo-design.com\/wp-content\/uploads\/2020\/02\/FB_IMG_1649084236910-601x1024-1.jpg\" data-elementor-open-lightbox=\"yes\" data-elementor-lightbox-slideshow=\"all-4173915\" data-elementor-lightbox-title=\"FB_IMG_1649084236910-601x1024\">\n\t\t\t\t\t<div class=\"e-gallery-image elementor-gallery-item__image\" data-thumbnail=\"https:\/\/jlo-design.com\/wp-content\/uploads\/2020\/02\/FB_IMG_1649084236910-601x1024-1-176x300.jpg\" data-width=\"176\" data-height=\"300\" alt=\"\" ><\/div>\n\t\t\t\t\t\t\t\t\t\t<div class=\"elementor-gallery-item__overlay\"><\/div>\n\t\t\t\t\t\t\t\t\t\t\t\t\t\t<\/a>\n\t\t\t\t\t\t\t<a class=\"e-gallery-item elementor-gallery-item elementor-animated-content\" href=\"https:\/\/jlo-design.com\/wp-content\/uploads\/2020\/02\/FB_IMG_1649083886277.jpg\" data-elementor-open-lightbox=\"yes\" data-elementor-lightbox-slideshow=\"all-4173915\" data-elementor-lightbox-title=\"FB_IMG_1649083886277\">\n\t\t\t\t\t<div class=\"e-gallery-image elementor-gallery-item__image\" data-thumbnail=\"https:\/\/jlo-design.com\/wp-content\/uploads\/2020\/02\/FB_IMG_1649083886277-225x300.jpg\" data-width=\"225\" data-height=\"300\" alt=\"\" ><\/div>\n\t\t\t\t\t\t\t\t\t\t<div class=\"elementor-gallery-item__overlay\"><\/div>\n\t\t\t\t\t\t\t\t\t\t\t\t\t\t<\/a>\n\t\t\t\t\t\t\t<a class=\"e-gallery-item elementor-gallery-item elementor-animated-content\" href=\"https:\/\/jlo-design.com\/wp-content\/uploads\/2020\/02\/FB_IMG_1649083929279.jpg\" data-elementor-open-lightbox=\"yes\" data-elementor-lightbox-slideshow=\"all-4173915\" data-elementor-lightbox-title=\"FB_IMG_1649083929279\">\n\t\t\t\t\t<div class=\"e-gallery-image elementor-gallery-item__image\" data-thumbnail=\"https:\/\/jlo-design.com\/wp-content\/uploads\/2020\/02\/FB_IMG_1649083929279-218x300.jpg\" data-width=\"218\" data-height=\"300\" alt=\"\" ><\/div>\n\t\t\t\t\t\t\t\t\t\t<div class=\"elementor-gallery-item__overlay\"><\/div>\n\t\t\t\t\t\t\t\t\t\t\t\t\t\t<\/a>\n\t\t\t\t\t\t\t<a class=\"e-gallery-item elementor-gallery-item elementor-animated-content\" href=\"https:\/\/jlo-design.com\/wp-content\/uploads\/2020\/06\/1fimo.jpg\" data-elementor-open-lightbox=\"yes\" data-elementor-lightbox-slideshow=\"all-4173915\" data-elementor-lightbox-title=\"1fimo\">\n\t\t\t\t\t<div class=\"e-gallery-image elementor-gallery-item__image\" data-thumbnail=\"https:\/\/jlo-design.com\/wp-content\/uploads\/2020\/06\/1fimo-254x300.jpg\" data-width=\"254\" data-height=\"300\" alt=\"\" ><\/div>\n\t\t\t\t\t\t\t\t\t\t<div class=\"elementor-gallery-item__overlay\"><\/div>\n\t\t\t\t\t\t\t\t\t\t\t\t\t\t<\/a>\n\t\t\t\t\t\t\t<a class=\"e-gallery-item elementor-gallery-item elementor-animated-content\" href=\"https:\/\/jlo-design.com\/wp-content\/uploads\/2020\/02\/FB_IMG_1649083905452.jpg\" data-elementor-open-lightbox=\"yes\" data-elementor-lightbox-slideshow=\"all-4173915\" data-elementor-lightbox-title=\"FB_IMG_1649083905452\">\n\t\t\t\t\t<div class=\"e-gallery-image elementor-gallery-item__image\" data-thumbnail=\"https:\/\/jlo-design.com\/wp-content\/uploads\/2020\/02\/FB_IMG_1649083905452-228x300.jpg\" data-width=\"228\" data-height=\"300\" alt=\"\" ><\/div>\n\t\t\t\t\t\t\t\t\t\t<div class=\"elementor-gallery-item__overlay\"><\/div>\n\t\t\t\t\t\t\t\t\t\t\t\t\t\t<\/a>\n\t\t\t\t\t\t\t<a class=\"e-gallery-item elementor-gallery-item elementor-animated-content\" href=\"https:\/\/jlo-design.com\/wp-content\/uploads\/2022\/05\/85073540_1550832931747182_8831056297970368512_n.jpg\" data-elementor-open-lightbox=\"yes\" data-elementor-lightbox-slideshow=\"all-4173915\" data-elementor-lightbox-title=\"85073540_1550832931747182_8831056297970368512_n\">\n\t\t\t\t\t<div class=\"e-gallery-image elementor-gallery-item__image\" data-thumbnail=\"https:\/\/jlo-design.com\/wp-content\/uploads\/2022\/05\/85073540_1550832931747182_8831056297970368512_n-200x300.jpg\" data-width=\"200\" data-height=\"300\" alt=\"\" ><\/div>\n\t\t\t\t\t\t\t\t\t\t<div class=\"elementor-gallery-item__overlay\"><\/div>\n\t\t\t\t\t\t\t\t\t\t\t\t\t\t<\/a>\n\t\t\t\t\t\t\t<a class=\"e-gallery-item elementor-gallery-item elementor-animated-content\" href=\"https:\/\/jlo-design.com\/wp-content\/uploads\/2022\/05\/84748066_1550833091747166_7740370441440591872_n.jpg\" data-elementor-open-lightbox=\"yes\" data-elementor-lightbox-slideshow=\"all-4173915\" data-elementor-lightbox-title=\"84748066_1550833091747166_7740370441440591872_n\">\n\t\t\t\t\t<div class=\"e-gallery-image elementor-gallery-item__image\" data-thumbnail=\"https:\/\/jlo-design.com\/wp-content\/uploads\/2022\/05\/84748066_1550833091747166_7740370441440591872_n-200x300.jpg\" data-width=\"200\" data-height=\"300\" alt=\"\" ><\/div>\n\t\t\t\t\t\t\t\t\t\t<div class=\"elementor-gallery-item__overlay\"><\/div>\n\t\t\t\t\t\t\t\t\t\t\t\t\t\t<\/a>\n\t\t\t\t\t<\/div>\n\t\t\t<\/div>\n\t\t\t\t<\/div>\n\t\t\t\t\t<\/div>\n\t\t<\/div>\n\t\t\t\t\t\t\t<\/div>\n\t\t<\/section>\n\t\t\t\t\t\t<\/div>\n\t\t\t\t\t<\/div>\n\t\t","protected":false},"excerpt":{"rendered":"Parcourez notre gall\u00e9rie D\u00e9couvrez quelques-uns de nos mod\u00e8les d\u00e9j\u00e0 livr\u00e9s","protected":false},"author":1,"featured_media":0,"parent":0,"menu_order":0,"comment_status":"closed","ping_status":"closed","template":"","meta":{"_monsterinsights_skip_tracking":false,"_monsterinsights_sitenote_active":false,"_monsterinsights_sitenote_note":"","_monsterinsights_sitenote_category":0,"spay_email":""},"_links":{"self":[{"href":"https:\/\/jlo-design.com\/index.php\/wp-json\/wp\/v2\/pages\/14018"}],"collection":[{"href":"https:\/\/jlo-design.com\/index.php\/wp-json\/wp\/v2\/pages"}],"about":[{"href":"https:\/\/jlo-design.com\/index.php\/wp-json\/wp\/v2\/types\/page"}],"author":[{"embeddable":true,"href":"https:\/\/jlo-design.com\/index.php\/wp-json\/wp\/v2\/users\/1"}],"replies":[{"embeddable":true,"href":"https:\/\/jlo-design.com\/index.php\/wp-json\/wp\/v2\/comments?post=14018"}],"version-history":[{"count":32,"href":"https:\/\/jlo-design.com\/index.php\/wp-json\/wp\/v2\/pages\/14018\/revisions"}],"predecessor-version":[{"id":14446,"href":"https:\/\/jlo-design.com\/index.php\/wp-json\/wp\/v2\/pages\/14018\/revisions\/14446"}],"wp:attachment":[{"href":"https:\/\/jlo-design.com\/index.php\/wp-json\/wp\/v2\/media?parent=14018"}],"curies":[{"name":"wp","href":"https:\/\/api.w.org\/{rel}","templated":true}]}}