{"id":2,"date":"2022-05-09T17:07:19","date_gmt":"2022-05-09T15:07:19","guid":{"rendered":"https:\/\/jlo-design.com\/?page_id=2"},"modified":"2022-05-27T13:44:27","modified_gmt":"2022-05-27T11:44:27","slug":"production-de-vetements-en-gros","status":"publish","type":"page","link":"https:\/\/jlo-design.com\/index.php\/production-de-vetements-en-gros\/","title":{"rendered":"Production de v\u00eatements en gros et sous traitance"},"content":{"rendered":"<p>[vc_section full_width=&#8221;stretch_row&#8221; fade_in_opacity=&#8221;pix-opacity-2&#8243; pix_over_visibility=&#8221;&#8221; pix_overlay_color=&#8221;gray-9&#8243; css=&#8221;.vc_custom_1653570695569{padding-top: 120px !important;padding-bottom: 120px !important;}&#8221; fade_in_intro=&#8221;14149&#8243;][vc_row full_width=&#8221;stretch_row&#8221; pix_particles_check=&#8221;&#8221;][vc_column]<div id=\"sliding-text-99639068\" class=\"mb-3 text-left  vc_custom_1653570228421\"><div class=\"d-inline-block\" style=\"max-width:800px;\"><h1 class=\"mb-32 pix-sliding-headline font-weight-bold secondary-font\" data-class=\"secondary-font text-white\" data-style=\"\">Production de v\u00eatements en gros et sous traitance<\/h1><\/div><\/div><div class=\"pix-el-text slide-in-container w-100  \" ><p class=\"text-24  text-body-default  font-weight-bold\" >Qui \u00eates-vous ?<\/p><\/div><div id=\"duo-icon-164630405\" class=\"slide-in-container w-100   vc_custom_1653570363752\" ><div class=\"py-2 animate-in\" data-anim-type=\"fade-in-up\" data-anim-delay=\"600\"><div class=\"pix-feature-list text-18       py-2 d-flex align-items-center\" ><div class=\"pix-mr-10 text-white\" style=\"width:1.5em;min-width:1.5em;height:1.5em;min-width:1.5em;position:relative;line-height:1em;text-align:center;\"><svg width=\"100%\" height=\"100%\" viewBox=\"0 0 24 24\" version=\"1.1\" xmlns=\"http:\/\/www.w3.org\/2000\/svg\" xmlns:xlink=\"http:\/\/www.w3.org\/1999\/xlink\"> <defs><\/defs> <g stroke=\"none\" stroke-width=\"1\" fill=\"none\" fill-rule=\"evenodd\"> <circle fill=\"#000000\" opacity=\"0.3\" cx=\"12\" cy=\"12\" r=\"10\"><\/circle> <path d=\"M16.7689447,7.81768175 C17.1457787,7.41393107 17.7785676,7.39211077 18.1823183,7.76894473 C18.5860689,8.1457787 18.6078892,8.77856757 18.2310553,9.18231825 L11.2310553,16.6823183 C10.8654446,17.0740439 10.2560456,17.107974 9.84920863,16.7592566 L6.34920863,13.7592566 C5.92988278,13.3998345 5.88132125,12.7685345 6.2407434,12.3492086 C6.60016555,11.9298828 7.23146553,11.8813212 7.65079137,12.2407434 L10.4229928,14.616916 L16.7689447,7.81768175 Z\" fill=\"#000000\" fill-rule=\"nonzero\"><\/path> <\/g> <\/svg><\/div><span class=\"text-light-opacity-7\">Marques  \u2014 Vous \u00eates un.e professionnel.le de l\u2019habillement et produisez en grande quantit\u00e9 ? Vous souhaitez d\u00e9velopper de nouvelles collections, relocaliser en France ou diversifier vos cha\u00eenes d\u2019approvisionnement ? Vous cherchez une soci\u00e9t\u00e9 partenaire pour r\u00e9pondre \u00e0 vos exigences industrielles ?<\/span><\/div><div class=\"pix-feature-list text-18       py-2 d-flex align-items-center\" ><div class=\"pix-mr-10 text-white\" style=\"width:1.5em;min-width:1.5em;height:1.5em;min-width:1.5em;position:relative;line-height:1em;text-align:center;\"><svg width=\"100%\" height=\"100%\" viewBox=\"0 0 24 24\" version=\"1.1\" xmlns=\"http:\/\/www.w3.org\/2000\/svg\" xmlns:xlink=\"http:\/\/www.w3.org\/1999\/xlink\"> <defs><\/defs> <g stroke=\"none\" stroke-width=\"1\" fill=\"none\" fill-rule=\"evenodd\"> <circle fill=\"#000000\" opacity=\"0.3\" cx=\"12\" cy=\"12\" r=\"10\"><\/circle> <path d=\"M16.7689447,7.81768175 C17.1457787,7.41393107 17.7785676,7.39211077 18.1823183,7.76894473 C18.5860689,8.1457787 18.6078892,8.77856757 18.2310553,9.18231825 L11.2310553,16.6823183 C10.8654446,17.0740439 10.2560456,17.107974 9.84920863,16.7592566 L6.34920863,13.7592566 C5.92988278,13.3998345 5.88132125,12.7685345 6.2407434,12.3492086 C6.60016555,11.9298828 7.23146553,11.8813212 7.65079137,12.2407434 L10.4229928,14.616916 L16.7689447,7.81768175 Z\" fill=\"#000000\" fill-rule=\"nonzero\"><\/path> <\/g> <\/svg><\/div><span class=\"text-light-opacity-7\">Entreprises  \u2014 Vous \u00eates une entreprise, une collectivit\u00e9 publique, un club, une association, un comit\u00e9 d\u2019entreprise et vous souhaitez faire de la promotion ?<\/span><\/div><div class=\"pix-feature-list text-18       py-2 d-flex align-items-center\" ><div class=\"pix-mr-10 text-white\" style=\"width:1.5em;min-width:1.5em;height:1.5em;min-width:1.5em;position:relative;line-height:1em;text-align:center;\"><svg width=\"100%\" height=\"100%\" viewBox=\"0 0 24 24\" version=\"1.1\" xmlns=\"http:\/\/www.w3.org\/2000\/svg\" xmlns:xlink=\"http:\/\/www.w3.org\/1999\/xlink\"> <defs><\/defs> <g stroke=\"none\" stroke-width=\"1\" fill=\"none\" fill-rule=\"evenodd\"> <circle fill=\"#000000\" opacity=\"0.3\" cx=\"12\" cy=\"12\" r=\"10\"><\/circle> <path d=\"M16.7689447,7.81768175 C17.1457787,7.41393107 17.7785676,7.39211077 18.1823183,7.76894473 C18.5860689,8.1457787 18.6078892,8.77856757 18.2310553,9.18231825 L11.2310553,16.6823183 C10.8654446,17.0740439 10.2560456,17.107974 9.84920863,16.7592566 L6.34920863,13.7592566 C5.92988278,13.3998345 5.88132125,12.7685345 6.2407434,12.3492086 C6.60016555,11.9298828 7.23146553,11.8813212 7.65079137,12.2407434 L10.4229928,14.616916 L16.7689447,7.81768175 Z\" fill=\"#000000\" fill-rule=\"nonzero\"><\/path> <\/g> <\/svg><\/div><span class=\"text-light-opacity-7\">Jeunes cr\u00e9ateurs, cr\u00e9atrices et entrepreneur.es  \u2014 Vous souhaitez d\u00e9velopper votre concept dans l\u2019industrie de la mode et du textile, lancer votre marque, l\u2019industrialiser ? <\/span><\/div><\/div><\/div><div class=\"pix-el-text slide-in-container w-100  \" ><p class=\"text-18  text-body-default  \" >Nous sommes l\u00e0 pour vous soutenir dans votre d\u00e9marche de cr\u00e9ation, \u00e0 chaque \u00e9tape de votre d\u00e9veloppement de collection.<\/p><\/div>[\/vc_column][\/vc_row][\/vc_section]<\/p>\n","protected":false},"excerpt":{"rendered":"[vc_section full_width=&#8221;stretch_row&#8221; fade_in_opacity=&#8221;pix-opacity-2&#8243; pix_over_visibility=&#8221;&#8221; pix_overlay_color=&#8221;gray-9&#8243; css=&#8221;.vc_custom_1653570695569{padding-top: 120px !important;padding-bottom: 120px !important;}&#8221; fade_in_intro=&#8221;14149&#8243;][vc_row full_width=&#8221;stretch_row&#8221; pix_particles_check=&#8221;&#8221;][vc_column][\/vc_column][\/vc_row][\/vc_section]","protected":false},"author":1,"featured_media":0,"parent":0,"menu_order":0,"comment_status":"closed","ping_status":"closed","template":"","meta":{"_monsterinsights_skip_tracking":false,"_monsterinsights_sitenote_active":false,"_monsterinsights_sitenote_note":"","_monsterinsights_sitenote_category":0,"spay_email":""},"_links":{"self":[{"href":"https:\/\/jlo-design.com\/index.php\/wp-json\/wp\/v2\/pages\/2"}],"collection":[{"href":"https:\/\/jlo-design.com\/index.php\/wp-json\/wp\/v2\/pages"}],"about":[{"href":"https:\/\/jlo-design.com\/index.php\/wp-json\/wp\/v2\/types\/page"}],"author":[{"embeddable":true,"href":"https:\/\/jlo-design.com\/index.php\/wp-json\/wp\/v2\/users\/1"}],"replies":[{"embeddable":true,"href":"https:\/\/jlo-design.com\/index.php\/wp-json\/wp\/v2\/comments?post=2"}],"version-history":[{"count":4,"href":"https:\/\/jlo-design.com\/index.php\/wp-json\/wp\/v2\/pages\/2\/revisions"}],"predecessor-version":[{"id":14150,"href":"https:\/\/jlo-design.com\/index.php\/wp-json\/wp\/v2\/pages\/2\/revisions\/14150"}],"wp:attachment":[{"href":"https:\/\/jlo-design.com\/index.php\/wp-json\/wp\/v2\/media?parent=2"}],"curies":[{"name":"wp","href":"https:\/\/api.w.org\/{rel}","templated":true}]}}