{"id":284,"date":"2019-12-24T16:09:15","date_gmt":"2019-12-24T15:09:15","guid":{"rendered":"https:\/\/essentials.pixfort.com\/original\/?page_id=284"},"modified":"2022-05-25T14:04:23","modified_gmt":"2022-05-25T12:04:23","slug":"gallerie","status":"publish","type":"page","link":"https:\/\/jlo-design.com\/index.php\/gallerie\/","title":{"rendered":"Gall\u00e9rie"},"content":{"rendered":"[vc_section full_width=&#8221;stretch_row&#8221; pix_over_visibility=&#8221;&#8221; css=&#8221;.vc_custom_1617667928432{padding-top: 80px !important;padding-bottom: 80px !important;}&#8221; el_id=&#8221;pix_section_gallery&#8221;][vc_row pix_particles_check=&#8221;&#8221; css=&#8221;.vc_custom_1609294871564{padding-bottom: 40px !important;}&#8221;][vc_column content_align=&#8221;text-center&#8221; offset=&#8221;vc_col-lg-offset-2 vc_col-lg-8&#8243;]<div id=\"highlighted-text-150045169\" class=\"text-center  vc_custom_1653473797014\"><div class=\"d-inline-block\" style=\"max-width:600px;\"><h2 class=\"text-heading-default\"  data-anim-type=\"\" data-anim-delay=\"0\"><span class=\"font-weight-normal  font-weight-bold heading-font\">Parcourez <\/span><span class=\"pix-highlighted-text  font-weight-normal  font-weight-bold heading-font highlighted-text-150045169-1 animate-in\" data-anim-type=\"highlight-grow\" data-anim-delay=\"200\"> notre gall\u00e9rie <\/span><\/h2><\/div><\/div><div class=\"pix-el-text slide-in-container w-100 text-center  vc_custom_1653473767269\" ><div class=\"d-inline-block\" style=\"max-width:600px;\"><p class=\"text-20  text-body-default text-center \" ><span class=\"animate-in d-inline-block\" data-anim-delay=\"200\" data-anim-type=\"fade-in-up\">D\u00e9couvrez quelques-uns de nos mod\u00e8les d\u00e9j\u00e0 livr\u00e9s<\/span><\/p><\/div><\/div>[\/vc_column][\/vc_row][vc_row pix_particles_check=&#8221;&#8221;][vc_column]<div class=\"pix-lightbox\"><div class=\"pix_masonry  pix-3-columns\" style=\"width:100%\"><div class=\"grid-sizer\"><\/div><div class=\"gutter-sizer\"><\/div><div class=\" grid-item pix-mb-20 \"><a class=\"card pix-lightbox-item pix-hover-item  rounded-lg\" data-fancybox=\"gallery\" data-caption=\"\" href=\"https:\/\/jlo-design.com\/wp-content\/uploads\/2022\/05\/231438244_2013602142136923_761242607845196034_n.jpg\"><img class=\"card-img pix-hover-colored rounded-lg pix-gallery-item pix-gallery-sm\" src=\"https:\/\/jlo-design.com\/wp-content\/uploads\/2022\/05\/231438244_2013602142136923_761242607845196034_n.jpg\" alt=\"\" \/><div class=\"card-img-overlay d-flex align-items-end pix-p-10\"><\/div><\/a><\/div><div class=\" grid-item pix-mb-20 \"><a class=\"card pix-lightbox-item pix-hover-item  rounded-lg\" data-fancybox=\"gallery\" data-caption=\"\" href=\"https:\/\/jlo-design.com\/wp-content\/uploads\/2022\/05\/84748066_1550833091747166_7740370441440591872_n.jpg\"><img class=\"card-img pix-hover-colored rounded-lg pix-gallery-item pix-gallery-sm\" src=\"https:\/\/jlo-design.com\/wp-content\/uploads\/2022\/05\/84748066_1550833091747166_7740370441440591872_n.jpg\" alt=\"\" \/><div class=\"card-img-overlay d-flex align-items-end pix-p-10\"><\/div><\/a><\/div><div class=\" grid-item pix-mb-20 \"><a class=\"card pix-lightbox-item pix-hover-item  rounded-lg\" data-fancybox=\"gallery\" data-caption=\"\" href=\"https:\/\/jlo-design.com\/wp-content\/uploads\/2020\/02\/FB_IMG_1649084236910-601x1024-1.jpg\"><img class=\"card-img pix-hover-colored rounded-lg pix-gallery-item pix-gallery-lg\" src=\"https:\/\/jlo-design.com\/wp-content\/uploads\/2020\/02\/FB_IMG_1649084236910-601x1024-1.jpg\" alt=\"\" \/><div class=\"card-img-overlay d-flex align-items-end pix-p-10\"><\/div><\/a><\/div><div class=\" grid-item grid-item--width2 pix-mb-20 \"><a class=\"card pix-lightbox-item pix-hover-item  rounded-lg\" data-fancybox=\"gallery\" data-caption=\"\" href=\"https:\/\/jlo-design.com\/wp-content\/uploads\/2022\/05\/85187343_1555291937967948_2251995956251721728_n.jpg\"><img class=\"card-img pix-hover-colored rounded-lg pix-gallery-item pix-gallery-sm\" src=\"https:\/\/jlo-design.com\/wp-content\/uploads\/2022\/05\/85187343_1555291937967948_2251995956251721728_n.jpg\" alt=\"\" \/><div class=\"card-img-overlay d-flex align-items-end pix-p-10\"><\/div><\/a><\/div><div class=\" grid-item grid-item--width2 pix-mb-20 \"><a class=\"card pix-lightbox-item pix-hover-item  rounded-lg\" data-fancybox=\"gallery\" data-caption=\"\" href=\"https:\/\/jlo-design.com\/wp-content\/uploads\/2022\/05\/18814775_850997791730703_1909975328023796883_o.jpg\"><img class=\"card-img pix-hover-colored rounded-lg pix-gallery-item pix-gallery-lg\" src=\"https:\/\/jlo-design.com\/wp-content\/uploads\/2022\/05\/18814775_850997791730703_1909975328023796883_o.jpg\" alt=\"\" \/><div class=\"card-img-overlay d-flex align-items-end pix-p-10\"><\/div><\/a><\/div><div class=\" grid-item pix-mb-20 \"><a class=\"card pix-lightbox-item pix-hover-item  rounded-lg\" data-fancybox=\"gallery\" data-caption=\"\" href=\"https:\/\/jlo-design.com\/wp-content\/uploads\/2022\/05\/132520204_1846871222143350_7652782846564809724_n.jpg\"><img class=\"card-img pix-hover-colored rounded-lg pix-gallery-item pix-gallery-sm\" src=\"https:\/\/jlo-design.com\/wp-content\/uploads\/2022\/05\/132520204_1846871222143350_7652782846564809724_n.jpg\" alt=\"\" \/><div class=\"card-img-overlay d-flex align-items-end pix-p-10\"><\/div><\/a><\/div><div class=\" grid-item pix-mb-20 \"><a class=\"card pix-lightbox-item pix-hover-item  rounded-lg\" data-fancybox=\"gallery\" data-caption=\"\" href=\"https:\/\/jlo-design.com\/wp-content\/uploads\/2020\/06\/1fimo.jpg\"><img class=\"card-img pix-hover-colored rounded-lg pix-gallery-item pix-gallery-sm\" src=\"https:\/\/jlo-design.com\/wp-content\/uploads\/2020\/06\/1fimo.jpg\" alt=\"\" \/><div class=\"card-img-overlay d-flex align-items-end pix-p-10\"><\/div><\/a><\/div><div class=\" grid-item pix-mb-20 \"><a class=\"card pix-lightbox-item pix-hover-item  rounded-lg\" data-fancybox=\"gallery\" data-caption=\"\" href=\"https:\/\/jlo-design.com\/wp-content\/uploads\/2022\/05\/85073540_1550832931747182_8831056297970368512_n.jpg\"><img class=\"card-img pix-hover-colored rounded-lg pix-gallery-item pix-gallery-sm\" src=\"https:\/\/jlo-design.com\/wp-content\/uploads\/2022\/05\/85073540_1550832931747182_8831056297970368512_n.jpg\" alt=\"\" \/><div class=\"card-img-overlay d-flex align-items-end pix-p-10\"><\/div><\/a><\/div><div class=\" grid-item pix-mb-20 \"><a class=\"card pix-lightbox-item pix-hover-item  rounded-lg\" data-fancybox=\"gallery\" data-caption=\"\" href=\"https:\/\/jlo-design.com\/wp-content\/uploads\/2022\/05\/279385918_2212518025578666_2282134976356894723_n.jpg\"><img class=\"card-img pix-hover-colored rounded-lg pix-gallery-item pix-gallery-sm\" src=\"https:\/\/jlo-design.com\/wp-content\/uploads\/2022\/05\/279385918_2212518025578666_2282134976356894723_n.jpg\" alt=\"\" \/><div class=\"card-img-overlay d-flex align-items-end pix-p-10\"><\/div><\/a><\/div><div class=\" grid-item pix-mb-20 \"><a class=\"card pix-lightbox-item pix-hover-item  rounded-lg\" data-fancybox=\"gallery\" data-caption=\"\" href=\"https:\/\/jlo-design.com\/wp-content\/uploads\/2022\/05\/279703270_2216326968531105_2345663206616162269_n.jpg\"><img class=\"card-img pix-hover-colored rounded-lg pix-gallery-item pix-gallery-sm\" src=\"https:\/\/jlo-design.com\/wp-content\/uploads\/2022\/05\/279703270_2216326968531105_2345663206616162269_n.jpg\" alt=\"\" \/><div class=\"card-img-overlay d-flex align-items-end pix-p-10\"><\/div><\/a><\/div><div class=\" grid-item pix-mb-20 \"><a class=\"card pix-lightbox-item pix-hover-item  rounded-lg\" data-fancybox=\"gallery\" data-caption=\"\" href=\"https:\/\/jlo-design.com\/wp-content\/uploads\/2020\/02\/FB_IMG_1649083905452.jpg\"><img class=\"card-img pix-hover-colored rounded-lg pix-gallery-item pix-gallery-sm\" src=\"https:\/\/jlo-design.com\/wp-content\/uploads\/2020\/02\/FB_IMG_1649083905452.jpg\" alt=\"\" \/><div class=\"card-img-overlay d-flex align-items-end pix-p-10\"><\/div><\/a><\/div><div class=\" grid-item pix-mb-20 \"><a class=\"card pix-lightbox-item pix-hover-item  rounded-lg\" data-fancybox=\"gallery\" data-caption=\"\" href=\"https:\/\/jlo-design.com\/wp-content\/uploads\/2020\/02\/FB_IMG_1649083929279.jpg\"><img class=\"card-img pix-hover-colored rounded-lg pix-gallery-item pix-gallery-sm\" src=\"https:\/\/jlo-design.com\/wp-content\/uploads\/2020\/02\/FB_IMG_1649083929279.jpg\" alt=\"\" \/><div class=\"card-img-overlay d-flex align-items-end pix-p-10\"><\/div><\/a><\/div><div class=\" grid-item pix-mb-20 \"><a class=\"card pix-lightbox-item pix-hover-item  rounded-lg\" data-fancybox=\"gallery\" data-caption=\"\" href=\"https:\/\/jlo-design.com\/wp-content\/uploads\/2020\/02\/FB_IMG_1649083886277.jpg\"><img class=\"card-img pix-hover-colored rounded-lg pix-gallery-item pix-gallery-sm\" src=\"https:\/\/jlo-design.com\/wp-content\/uploads\/2020\/02\/FB_IMG_1649083886277.jpg\" alt=\"\" \/><div class=\"card-img-overlay d-flex align-items-end pix-p-10\"><\/div><\/a><\/div><\/div><\/div>[\/vc_column][\/vc_row][\/vc_section]","protected":false},"excerpt":{"rendered":"[vc_section full_width=&#8221;stretch_row&#8221; pix_over_visibility=&#8221;&#8221; css=&#8221;.vc_custom_1617667928432{padding-top: 80px !important;padding-bottom: 80px !important;}&#8221; el_id=&#8221;pix_section_gallery&#8221;][vc_row pix_particles_check=&#8221;&#8221; css=&#8221;.vc_custom_1609294871564{padding-bottom: 40px !important;}&#8221;][vc_column content_align=&#8221;text-center&#8221; offset=&#8221;vc_col-lg-offset-2 vc_col-lg-8&#8243;][\/vc_column][\/vc_row][vc_row pix_particles_check=&#8221;&#8221;][vc_column][\/vc_column][\/vc_row][\/vc_section]","protected":false},"author":1,"featured_media":0,"parent":0,"menu_order":0,"comment_status":"closed","ping_status":"closed","template":"templates\/template-portfolio-default.php","meta":{"_monsterinsights_skip_tracking":false,"_monsterinsights_sitenote_active":false,"_monsterinsights_sitenote_note":"","_monsterinsights_sitenote_category":0,"spay_email":""},"_links":{"self":[{"href":"https:\/\/jlo-design.com\/index.php\/wp-json\/wp\/v2\/pages\/284"}],"collection":[{"href":"https:\/\/jlo-design.com\/index.php\/wp-json\/wp\/v2\/pages"}],"about":[{"href":"https:\/\/jlo-design.com\/index.php\/wp-json\/wp\/v2\/types\/page"}],"author":[{"embeddable":true,"href":"https:\/\/jlo-design.com\/index.php\/wp-json\/wp\/v2\/users\/1"}],"replies":[{"embeddable":true,"href":"https:\/\/jlo-design.com\/index.php\/wp-json\/wp\/v2\/comments?post=284"}],"version-history":[{"count":7,"href":"https:\/\/jlo-design.com\/index.php\/wp-json\/wp\/v2\/pages\/284\/revisions"}],"predecessor-version":[{"id":14016,"href":"https:\/\/jlo-design.com\/index.php\/wp-json\/wp\/v2\/pages\/284\/revisions\/14016"}],"wp:attachment":[{"href":"https:\/\/jlo-design.com\/index.php\/wp-json\/wp\/v2\/media?parent=284"}],"curies":[{"name":"wp","href":"https:\/\/api.w.org\/{rel}","templated":true}]}}