{"id":14282,"date":"2022-05-30T14:15:32","date_gmt":"2022-05-30T12:15:32","guid":{"rendered":"https:\/\/jlo-design.com\/?post_type=product&#038;p=14282"},"modified":"2025-04-03T16:42:22","modified_gmt":"2025-04-03T14:42:22","slug":"tenu-faso-dan-fani","status":"publish","type":"product","link":"https:\/\/jlo-design.com\/index.php\/produit\/tenu-faso-dan-fani\/","title":{"rendered":"LA NIGERIANE"},"content":{"rendered":"<div id=\"featurebullets_feature_div\" class=\"celwidget\" data-feature-name=\"featurebullets\" data-csa-c-id=\"o18mmg-pldxkd-30w54w-tk2gzc\" data-cel-widget=\"featurebullets_feature_div\">\n<div id=\"feature-bullets\" class=\"a-section a-spacing-medium a-spacing-top-small\"><\/div>\n<\/div>\n<div id=\"edpIngress_feature_div\" class=\"celwidget\" data-feature-name=\"edpIngress\" data-csa-c-id=\"9yd0uj-imiaq3-ks6tnx-ydvtp7\" data-cel-widget=\"edpIngress_feature_div\">\n<p>Boubou africain traditionnel . Tissu KOKO DUNDA tremblant de <b>tr\u00e8s bonne qualit\u00e9 <\/b>avec \u00a0broderies, des r\u00e9serves \u00e0 l&#8217;int\u00e9rieur pour agrandir et r\u00e9duire \u00e0 souhait. \u00a0Vous deviendrez vite adepte de ce grand classique de tenue africaine.Le boubou est ample et tr\u00e8s agr\u00e9able \u00e0 porter pour des c\u00e9r\u00e9monies ,bapt\u00eame, etc .Vous l&#8217;appr\u00e9cierez les jours de chaleur mais aussi chez vous tout au long de l&#8217;ann\u00e9e pour vos activit\u00e9s courantes. Retrouvez dans notre boutique tous les V\u00eatements tradi modernes pour \u00eatre \u00e9l\u00e9gant, une diversit\u00e9 de tenues femmes.<\/p>\n<p>NB: le boubou est de taille standard et ira avec toutes les formes.<\/p>\n<p>plusieurs \u00a0couleurs disponibles. Veuillez v\u00e9rifier la disponibilit\u00e9 des couleurs avant de confirmer.<\/p>\n<\/div>\n<div id=\"gtx-trans\" style=\"position: absolute; left: 98px; top: 48px;\">\n<div class=\"gtx-trans-icon\"><\/div>\n<\/div>\n","protected":false},"excerpt":{"rendered":"<div id=\"featurebullets_feature_div\" class=\"celwidget\" data-feature-name=\"featurebullets\" data-csa-c-id=\"o18mmg-pldxkd-30w54w-tk2gzc\" data-cel-widget=\"featurebullets_feature_div\">\n<div id=\"feature-bullets\" class=\"a-section a-spacing-medium a-spacing-top-small\">\n<ul class=\"a-unordered-list a-vertical a-spacing-mini\">\n<li><span class=\"a-list-item\">100% Coton<\/span><\/li>\n<li><span class=\"a-list-item\">Ne pas blanchir.; S\u00e9chage \u00e0 temp\u00e9rature faible.; Ne pas nettoyer \u00e0 sec.; Repassage \u00e0 temp\u00e9rature moyenne.; Lavage \u00e0 temp\u00e9rature normale.<\/span><\/li>\n<li><span class=\"a-list-item\">Fermeture: Enfiler<\/span><\/li>\n<li><span class=\"a-list-item\">Type de col: Col Ras Du Cou<\/span><\/li>\n<li><span class=\"a-list-item\">Normal<\/span><\/li>\n<li><span class=\"a-list-item\">Manche courte<\/span><\/li>\n<\/ul>\n<\/div>\n<\/div>\n<div id=\"provenanceCertifications_feature_div\" class=\"celwidget\" data-feature-name=\"provenanceCertifications\" data-csa-c-id=\"miz7tu-ddij2u-i7xetf-dd80vw\" data-cel-widget=\"provenanceCertifications_feature_div\"><\/div>\n","protected":false},"featured_media":14515,"comment_status":"open","ping_status":"closed","template":"","meta":{"_monsterinsights_skip_tracking":false,"_monsterinsights_sitenote_active":false,"_monsterinsights_sitenote_note":"","_monsterinsights_sitenote_category":0,"spay_email":"","jetpack_publicize_message":"","jetpack_is_tweetstorm":false,"jetpack_publicize_feature_enabled":true},"product_cat":[56,58],"product_tag":[],"_links":{"self":[{"href":"https:\/\/jlo-design.com\/index.php\/wp-json\/wp\/v2\/product\/14282"}],"collection":[{"href":"https:\/\/jlo-design.com\/index.php\/wp-json\/wp\/v2\/product"}],"about":[{"href":"https:\/\/jlo-design.com\/index.php\/wp-json\/wp\/v2\/types\/product"}],"replies":[{"embeddable":true,"href":"https:\/\/jlo-design.com\/index.php\/wp-json\/wp\/v2\/comments?post=14282"}],"wp:featuredmedia":[{"embeddable":true,"href":"https:\/\/jlo-design.com\/index.php\/wp-json\/wp\/v2\/media\/14515"}],"wp:attachment":[{"href":"https:\/\/jlo-design.com\/index.php\/wp-json\/wp\/v2\/media?parent=14282"}],"wp:term":[{"taxonomy":"product_cat","embeddable":true,"href":"https:\/\/jlo-design.com\/index.php\/wp-json\/wp\/v2\/product_cat?post=14282"},{"taxonomy":"product_tag","embeddable":true,"href":"https:\/\/jlo-design.com\/index.php\/wp-json\/wp\/v2\/product_tag?post=14282"}],"curies":[{"name":"wp","href":"https:\/\/api.w.org\/{rel}","templated":true}]}}