{"id":14283,"date":"2022-05-30T14:15:35","date_gmt":"2022-05-30T12:15:35","guid":{"rendered":"https:\/\/jlo-design.com\/?post_type=product&#038;p=14283"},"modified":"2025-04-03T16:13:28","modified_gmt":"2025-04-03T14:13:28","slug":"jupes-noire","status":"publish","type":"product","link":"https:\/\/jlo-design.com\/index.php\/produit\/jupes-noire\/","title":{"rendered":"ROBE REBELLE CHIC"},"content":{"rendered":"<div id=\"featurebullets_feature_div\" class=\"celwidget\" data-feature-name=\"featurebullets\" data-csa-c-id=\"o18mmg-pldxkd-30w54w-tk2gzc\" data-cel-widget=\"featurebullets_feature_div\">\n<div id=\"feature-bullets\" class=\"a-section a-spacing-medium a-spacing-top-small\"><\/div>\n<\/div>\n<div id=\"edpIngress_feature_div\" class=\"celwidget\" data-feature-name=\"edpIngress\" data-csa-c-id=\"9yd0uj-imiaq3-ks6tnx-ydvtp7\" data-cel-widget=\"edpIngress_feature_div\">\n<h3 class=\"\" data-start=\"141\" data-end=\"199\"><strong data-start=\"145\" data-end=\"199\">Robe REBELLE CHIC \u00a0\u2013 \u00c9l\u00e9gance et Authenticit\u00e9<\/strong><\/h3>\n<p class=\"\" data-start=\"201\" data-end=\"599\">Plongez dans l\u2019univers vibrant de la mode africaine avec la robe <strong>&#8220;REBELLE CHIC&#8221;<\/strong>, une pi\u00e8ce ma\u00eetresse qui allie raffinement, confort et identit\u00e9 culturelle. Confectionn\u00e9e dans un tissu wax richement color\u00e9.<\/p>\n<p class=\"\" data-start=\"601\" data-end=\"973\">Son d\u00e9collet\u00e9 en V crois\u00e9, soulign\u00e9 par une taille cintr\u00e9e \u00e0 l\u2019aide d\u2019une ceinture \u00a0\u00e9lastique contrastante, sublime la silhouette tout en apportant une touche de modernit\u00e9. Les manches amples offrent une libert\u00e9 de mouvement tout en accentuant la gr\u00e2ce du port. Sa coupe \u00e9vas\u00e9e apporte fluidit\u00e9 et l\u00e9g\u00e8ret\u00e9, parfaite pour les grandes occasions comme pour un look quotidien audacieux.<\/p>\n<p data-start=\"601\" data-end=\"973\"><strong>NB: PLUSIEURS COULEURS DISPONIBLES ! VERIFIER AVANT DE CONFIRMER LA COMMANDE<\/strong><\/p>\n<p class=\"\" data-start=\"1293\" data-end=\"1399\">\n<\/div>\n<div id=\"gtx-trans\" style=\"position: absolute; left: 98px; top: 48px;\">\n<div class=\"gtx-trans-icon\"><\/div>\n<\/div>\n","protected":false},"excerpt":{"rendered":"<div id=\"featurebullets_feature_div\" class=\"celwidget\" data-feature-name=\"featurebullets\" data-csa-c-id=\"o18mmg-pldxkd-30w54w-tk2gzc\" data-cel-widget=\"featurebullets_feature_div\">\n<div id=\"feature-bullets\" class=\"a-section a-spacing-medium a-spacing-top-small\">\n<ul class=\"a-unordered-list a-vertical a-spacing-mini\">\n<li><span class=\"a-list-item\">100% Coton<\/span><\/li>\n<li><span class=\"a-list-item\">Ne pas blanchir.; S\u00e9chage \u00e0 temp\u00e9rature faible.; Ne pas nettoyer \u00e0 sec.; Repassage \u00e0 temp\u00e9rature moyenne.; Lavage \u00e0 temp\u00e9rature normale.<\/span><\/li>\n<li><span class=\"a-list-item\">Fermeture: Enfiler<\/span><\/li>\n<li><span class=\"a-list-item\">Type de col: D\u00e9collet\u00e9 V\u00a0<\/span><\/li>\n<li><span class=\"a-list-item\">Normal<\/span><\/li>\n<li><span class=\"a-list-item\">Manche 3\/4<\/span><\/li>\n<\/ul>\n<\/div>\n<\/div>\n<div id=\"provenanceCertifications_feature_div\" class=\"celwidget\" data-feature-name=\"provenanceCertifications\" data-csa-c-id=\"miz7tu-ddij2u-i7xetf-dd80vw\" data-cel-widget=\"provenanceCertifications_feature_div\"><\/div>\n","protected":false},"featured_media":14512,"comment_status":"open","ping_status":"closed","template":"","meta":{"_monsterinsights_skip_tracking":false,"_monsterinsights_sitenote_active":false,"_monsterinsights_sitenote_note":"","_monsterinsights_sitenote_category":0,"spay_email":"","jetpack_publicize_message":"","jetpack_is_tweetstorm":false,"jetpack_publicize_feature_enabled":true},"product_cat":[56,58],"product_tag":[],"_links":{"self":[{"href":"https:\/\/jlo-design.com\/index.php\/wp-json\/wp\/v2\/product\/14283"}],"collection":[{"href":"https:\/\/jlo-design.com\/index.php\/wp-json\/wp\/v2\/product"}],"about":[{"href":"https:\/\/jlo-design.com\/index.php\/wp-json\/wp\/v2\/types\/product"}],"replies":[{"embeddable":true,"href":"https:\/\/jlo-design.com\/index.php\/wp-json\/wp\/v2\/comments?post=14283"}],"wp:featuredmedia":[{"embeddable":true,"href":"https:\/\/jlo-design.com\/index.php\/wp-json\/wp\/v2\/media\/14512"}],"wp:attachment":[{"href":"https:\/\/jlo-design.com\/index.php\/wp-json\/wp\/v2\/media?parent=14283"}],"wp:term":[{"taxonomy":"product_cat","embeddable":true,"href":"https:\/\/jlo-design.com\/index.php\/wp-json\/wp\/v2\/product_cat?post=14283"},{"taxonomy":"product_tag","embeddable":true,"href":"https:\/\/jlo-design.com\/index.php\/wp-json\/wp\/v2\/product_tag?post=14283"}],"curies":[{"name":"wp","href":"https:\/\/api.w.org\/{rel}","templated":true}]}}