{"id":14284,"date":"2022-05-30T14:15:37","date_gmt":"2022-05-30T12:15:37","guid":{"rendered":"https:\/\/jlo-design.com\/?post_type=product&#038;p=14284"},"modified":"2025-02-20T18:05:00","modified_gmt":"2025-02-20T17:05:00","slug":"soie","status":"publish","type":"product","link":"https:\/\/jlo-design.com\/index.php\/produit\/soie\/","title":{"rendered":"ROBE SOIE"},"content":{"rendered":"<div id=\"featurebullets_feature_div\" class=\"celwidget\" data-feature-name=\"featurebullets\" data-csa-c-id=\"o18mmg-pldxkd-30w54w-tk2gzc\" data-cel-widget=\"featurebullets_feature_div\">\n<div id=\"feature-bullets\" class=\"a-section a-spacing-medium a-spacing-top-small\">\n<div style=\"width: 368px;\" class=\"wp-video\"><!--[if lt IE 9]><script>document.createElement('video');<\/script><![endif]-->\n<video class=\"wp-video-shortcode\" id=\"video-14284-1\" width=\"368\" height=\"656\" preload=\"metadata\" controls=\"controls\"><source type=\"video\/mp4\" src=\"https:\/\/jlo-design.com\/wp-content\/uploads\/2022\/05\/VIDEO-2025-02-20-16-32-23.mp4?_=1\" \/><a href=\"https:\/\/jlo-design.com\/wp-content\/uploads\/2022\/05\/VIDEO-2025-02-20-16-32-23.mp4\">https:\/\/jlo-design.com\/wp-content\/uploads\/2022\/05\/VIDEO-2025-02-20-16-32-23.mp4<\/a><\/video><\/div>\n<\/div>\n<\/div>\n<div id=\"edpIngress_feature_div\" class=\"celwidget\" data-feature-name=\"edpIngress\" data-csa-c-id=\"9yd0uj-imiaq3-ks6tnx-ydvtp7\" data-cel-widget=\"edpIngress_feature_div\">\n<p><strong>STYLE \u00c9L\u00c9GANT ET RAFFINE<\/strong><\/p>\n<p>Robe en soie fluide et l\u00e9g\u00e8re qui inspire douceur et confort.<\/p>\n<\/div>\n<div id=\"gtx-trans\" style=\"position: absolute; left: 98px; top: 48px;\">\n<div class=\"gtx-trans-icon\"><\/div>\n<\/div>\n","protected":false},"excerpt":{"rendered":"<div id=\"featurebullets_feature_div\" class=\"celwidget\" data-feature-name=\"featurebullets\" data-csa-c-id=\"o18mmg-pldxkd-30w54w-tk2gzc\" data-cel-widget=\"featurebullets_feature_div\">\n<div id=\"feature-bullets\" class=\"a-section a-spacing-medium a-spacing-top-small\">\n<ul class=\"a-unordered-list a-vertical a-spacing-mini\">\n<li><span class=\"a-list-item\">100% polyester<\/span><\/li>\n<li><span class=\"a-list-item\">Ne pas blanchir.; S\u00e9chage \u00e0 temp\u00e9rature faible.; Ne pas nettoyer \u00e0 sec.; Repassage \u00e0 temp\u00e9rature moyenne.; Lavage \u00e0 temp\u00e9rature normale.<\/span><\/li>\n<li><span class=\"a-list-item\">Fermeture: zip m\u00e9tal sur la devanture\u00a0<\/span><\/li>\n<li><span class=\"a-list-item\">Type de col: Col chemise<\/span><\/li>\n<li><span class=\"a-list-item\">Normal<\/span><\/li>\n<li><span class=\"a-list-item\">Manche courte<\/span><\/li>\n<\/ul>\n<\/div>\n<\/div>\n<div id=\"provenanceCertifications_feature_div\" class=\"celwidget\" data-feature-name=\"provenanceCertifications\" data-csa-c-id=\"miz7tu-ddij2u-i7xetf-dd80vw\" data-cel-widget=\"provenanceCertifications_feature_div\"><\/div>\n","protected":false},"featured_media":14500,"comment_status":"open","ping_status":"closed","template":"","meta":{"_monsterinsights_skip_tracking":false,"_monsterinsights_sitenote_active":false,"_monsterinsights_sitenote_note":"","_monsterinsights_sitenote_category":0,"spay_email":"","jetpack_publicize_message":"","jetpack_is_tweetstorm":false,"jetpack_publicize_feature_enabled":true},"product_cat":[56,62,58],"product_tag":[],"_links":{"self":[{"href":"https:\/\/jlo-design.com\/index.php\/wp-json\/wp\/v2\/product\/14284"}],"collection":[{"href":"https:\/\/jlo-design.com\/index.php\/wp-json\/wp\/v2\/product"}],"about":[{"href":"https:\/\/jlo-design.com\/index.php\/wp-json\/wp\/v2\/types\/product"}],"replies":[{"embeddable":true,"href":"https:\/\/jlo-design.com\/index.php\/wp-json\/wp\/v2\/comments?post=14284"}],"wp:featuredmedia":[{"embeddable":true,"href":"https:\/\/jlo-design.com\/index.php\/wp-json\/wp\/v2\/media\/14500"}],"wp:attachment":[{"href":"https:\/\/jlo-design.com\/index.php\/wp-json\/wp\/v2\/media?parent=14284"}],"wp:term":[{"taxonomy":"product_cat","embeddable":true,"href":"https:\/\/jlo-design.com\/index.php\/wp-json\/wp\/v2\/product_cat?post=14284"},{"taxonomy":"product_tag","embeddable":true,"href":"https:\/\/jlo-design.com\/index.php\/wp-json\/wp\/v2\/product_tag?post=14284"}],"curies":[{"name":"wp","href":"https:\/\/api.w.org\/{rel}","templated":true}]}}