{"id":14285,"date":"2022-05-30T14:22:35","date_gmt":"2022-05-30T12:22:35","guid":{"rendered":"https:\/\/jlo-design.com\/?post_type=product&#038;p=14285"},"modified":"2025-02-20T16:43:11","modified_gmt":"2025-02-20T15:43:11","slug":"koko-dunda","status":"publish","type":"product","link":"https:\/\/jlo-design.com\/index.php\/produit\/koko-dunda\/","title":{"rendered":"Robe koko dunda mix\u00e9e rayure"},"content":{"rendered":"<div id=\"featurebullets_feature_div\" class=\"celwidget\" data-feature-name=\"featurebullets\" data-csa-c-id=\"o18mmg-pldxkd-30w54w-tk2gzc\" data-cel-widget=\"featurebullets_feature_div\">\n<div id=\"feature-bullets\" class=\"a-section a-spacing-medium a-spacing-top-small\"><\/div>\n<\/div>\n<div id=\"edpIngress_feature_div\" class=\"celwidget\" data-feature-name=\"edpIngress\" data-csa-c-id=\"9yd0uj-imiaq3-ks6tnx-ydvtp7\" data-cel-widget=\"edpIngress_feature_div\">\n<p><strong>Cette robe est un v\u00e9ritable chef-d&#8217;\u0153uvre de l&#8217;artisanat africain. Fabriqu\u00e9e \u00e0 partir de Koko Dunda en coton et de la fine rayure de coton de haute qualit\u00e9, cette robe est non seulement confortable, mais elle est \u00e9galement incroyablement \u00e9l\u00e9gante. Avec son style \u00e9vas\u00e9, elle est parfaite pour toutes les occasions, que ce soit pour une soir\u00e9e sp\u00e9ciale, un mariage ou un \u00e9v\u00e9nement formel.<\/strong><\/p>\n<\/div>\n<div id=\"gtx-trans\" style=\"position: absolute; left: 98px; top: 48px;\">\n<div class=\"gtx-trans-icon\"><\/div>\n<\/div>\n","protected":false},"excerpt":{"rendered":"<div id=\"featurebullets_feature_div\" class=\"celwidget\" data-feature-name=\"featurebullets\" data-csa-c-id=\"o18mmg-pldxkd-30w54w-tk2gzc\" data-cel-widget=\"featurebullets_feature_div\">\n<div id=\"feature-bullets\" class=\"a-section a-spacing-medium a-spacing-top-small\">\n<ul class=\"a-unordered-list a-vertical a-spacing-mini\">\n<li><span class=\"a-list-item\">100% Coton<\/span><\/li>\n<li><span class=\"a-list-item\">Ne pas blanchir.; S\u00e9chage \u00e0 temp\u00e9rature faible.; Ne pas nettoyer \u00e0 sec.; Repassage \u00e0 temp\u00e9rature moyenne.; Lavage \u00e0 temp\u00e9rature normale.<\/span><\/li>\n<li><span class=\"a-list-item\">Fermeture: Zip<\/span><\/li>\n<li><span class=\"a-list-item\">Type de col: Decollet\u00e9<\/span><\/li>\n<li><span class=\"a-list-item\">Manche courte volante<\/span><\/li>\n<\/ul>\n<\/div>\n<\/div>\n<div id=\"provenanceCertifications_feature_div\" class=\"celwidget\" data-feature-name=\"provenanceCertifications\" data-csa-c-id=\"miz7tu-ddij2u-i7xetf-dd80vw\" data-cel-widget=\"provenanceCertifications_feature_div\"><\/div>\n","protected":false},"featured_media":14488,"comment_status":"open","ping_status":"closed","template":"","meta":{"_monsterinsights_skip_tracking":false,"_monsterinsights_sitenote_active":false,"_monsterinsights_sitenote_note":"","_monsterinsights_sitenote_category":0,"spay_email":"","jetpack_publicize_message":"","jetpack_is_tweetstorm":false,"jetpack_publicize_feature_enabled":true},"product_cat":[56,62],"product_tag":[],"_links":{"self":[{"href":"https:\/\/jlo-design.com\/index.php\/wp-json\/wp\/v2\/product\/14285"}],"collection":[{"href":"https:\/\/jlo-design.com\/index.php\/wp-json\/wp\/v2\/product"}],"about":[{"href":"https:\/\/jlo-design.com\/index.php\/wp-json\/wp\/v2\/types\/product"}],"replies":[{"embeddable":true,"href":"https:\/\/jlo-design.com\/index.php\/wp-json\/wp\/v2\/comments?post=14285"}],"wp:featuredmedia":[{"embeddable":true,"href":"https:\/\/jlo-design.com\/index.php\/wp-json\/wp\/v2\/media\/14488"}],"wp:attachment":[{"href":"https:\/\/jlo-design.com\/index.php\/wp-json\/wp\/v2\/media?parent=14285"}],"wp:term":[{"taxonomy":"product_cat","embeddable":true,"href":"https:\/\/jlo-design.com\/index.php\/wp-json\/wp\/v2\/product_cat?post=14285"},{"taxonomy":"product_tag","embeddable":true,"href":"https:\/\/jlo-design.com\/index.php\/wp-json\/wp\/v2\/product_tag?post=14285"}],"curies":[{"name":"wp","href":"https:\/\/api.w.org\/{rel}","templated":true}]}}