{"id":14288,"date":"2022-05-30T14:22:42","date_gmt":"2022-05-30T12:22:42","guid":{"rendered":"https:\/\/jlo-design.com\/?post_type=product&#038;p=14288"},"modified":"2024-10-15T13:27:49","modified_gmt":"2024-10-15T11:27:49","slug":"robe-noire-copie","status":"publish","type":"product","link":"https:\/\/jlo-design.com\/index.php\/produit\/robe-noire-copie\/","title":{"rendered":"Veste coupe chanel"},"content":{"rendered":"<div id=\"featurebullets_feature_div\" class=\"celwidget\" data-feature-name=\"featurebullets\" data-csa-c-id=\"o18mmg-pldxkd-30w54w-tk2gzc\" data-cel-widget=\"featurebullets_feature_div\">\n<div id=\"feature-bullets\" class=\"a-section a-spacing-medium a-spacing-top-small\"><\/div>\n<\/div>\n<div id=\"edpIngress_feature_div\" class=\"celwidget\" data-feature-name=\"edpIngress\" data-csa-c-id=\"9yd0uj-imiaq3-ks6tnx-ydvtp7\" data-cel-widget=\"edpIngress_feature_div\">\n<p><strong>STYLE \u00c9L\u00c9GANT ET RAFFIN\u00c9<\/strong><\/p>\n<p>Cette veste coupe Chanel orn\u00e9e de boutons dor\u00e9s 100% coton, insuffle une note branch\u00e9e \u00e0 une silhouette simple et r\u00e9solument urbaine. Confectionn\u00e9 en pagne tiss\u00e9 \u00a0il offre l\u00e9g\u00e8ret\u00e9 tout en restant impeccable tout au long de la journ\u00e9e. Cet essentiel de la garde robe f\u00e9minine est incontournable aussi bien au bureau qu\u2019en soir\u00e9es.<\/p>\n<\/div>\n<div id=\"gtx-trans\" style=\"position: absolute; left: 98px; top: 48px;\">\n<div class=\"gtx-trans-icon\"><\/div>\n<\/div>\n","protected":false},"excerpt":{"rendered":"<div id=\"featurebullets_feature_div\" class=\"celwidget\" data-feature-name=\"featurebullets\" data-csa-c-id=\"o18mmg-pldxkd-30w54w-tk2gzc\" data-cel-widget=\"featurebullets_feature_div\">\n<div id=\"feature-bullets\" class=\"a-section a-spacing-medium a-spacing-top-small\">\n<ul class=\"a-unordered-list a-vertical a-spacing-mini\">\n<li><span class=\"a-list-item\">100% Coton<\/span><\/li>\n<li><span class=\"a-list-item\">Ne pas blanchir.; S\u00e9chage \u00e0 temp\u00e9rature faible.; Ne pas nettoyer \u00e0 sec.; Repassage \u00e0 temp\u00e9rature moyenne.; Lavage \u00e0 temp\u00e9rature normale.<\/span><\/li>\n<li><span class=\"a-list-item\">Fermeture: Enfiler<\/span><\/li>\n<li><span class=\"a-list-item\">Type de col: Col Ras Du Cou<\/span><\/li>\n<li><span class=\"a-list-item\">Normal<\/span><\/li>\n<li><span class=\"a-list-item\">Manche courte 3 \/4<\/span><\/li>\n<\/ul>\n<\/div>\n<\/div>\n<div id=\"provenanceCertifications_feature_div\" class=\"celwidget\" data-feature-name=\"provenanceCertifications\" data-csa-c-id=\"miz7tu-ddij2u-i7xetf-dd80vw\" data-cel-widget=\"provenanceCertifications_feature_div\"><\/div>\n","protected":false},"featured_media":14484,"comment_status":"open","ping_status":"closed","template":"","meta":{"_monsterinsights_skip_tracking":false,"_monsterinsights_sitenote_active":false,"_monsterinsights_sitenote_note":"","_monsterinsights_sitenote_category":0,"spay_email":"","jetpack_publicize_message":"","jetpack_is_tweetstorm":false,"jetpack_publicize_feature_enabled":true},"product_cat":[56],"product_tag":[69],"_links":{"self":[{"href":"https:\/\/jlo-design.com\/index.php\/wp-json\/wp\/v2\/product\/14288"}],"collection":[{"href":"https:\/\/jlo-design.com\/index.php\/wp-json\/wp\/v2\/product"}],"about":[{"href":"https:\/\/jlo-design.com\/index.php\/wp-json\/wp\/v2\/types\/product"}],"replies":[{"embeddable":true,"href":"https:\/\/jlo-design.com\/index.php\/wp-json\/wp\/v2\/comments?post=14288"}],"wp:featuredmedia":[{"embeddable":true,"href":"https:\/\/jlo-design.com\/index.php\/wp-json\/wp\/v2\/media\/14484"}],"wp:attachment":[{"href":"https:\/\/jlo-design.com\/index.php\/wp-json\/wp\/v2\/media?parent=14288"}],"wp:term":[{"taxonomy":"product_cat","embeddable":true,"href":"https:\/\/jlo-design.com\/index.php\/wp-json\/wp\/v2\/product_cat?post=14288"},{"taxonomy":"product_tag","embeddable":true,"href":"https:\/\/jlo-design.com\/index.php\/wp-json\/wp\/v2\/product_tag?post=14288"}],"curies":[{"name":"wp","href":"https:\/\/api.w.org\/{rel}","templated":true}]}}